{"id":7550,"date":"2019-07-08T18:11:11","date_gmt":"2019-07-08T18:11:11","guid":{"rendered":"https:\/\/www.renatodecastro.com\/?page_id=7550"},"modified":"2021-08-17T09:57:27","modified_gmt":"2021-08-17T07:57:27","slug":"servicos","status":"publish","type":"page","link":"https:\/\/www.renatodecastro.com\/pt-br\/servicos\/","title":{"rendered":"Meus Servi\u00e7os"},"content":{"rendered":"<p>[vc_row el_id=&#8221;services&#8221; el_class=&#8221;services&#8221; padding_top=&#8221;120&#8243; padding_bottom=&#8221;70&#8243;][vc_column width=&#8221;5\/6&#8243; css=&#8221;.vc_custom_1448694064531{padding-bottom: 70px !important;}&#8221; offset=&#8221;vc_col-md-offset-2 vc_col-md-8 vc_col-sm-offset-1&#8243;]<div class=\" section-heading text-center ihda\"><h2 class=\"heading\" style=\"font-size:36px\">Solu\u00e7\u00f5es inteligentes para cidades mais inteligentes<\/h2><div class=\"divide-line text-center\"><span style=\"width:180px; height:1px; background-color:#f2b043\"><\/span><\/div><p class=\"additional-heading\" style=\"font-size:22px\">Mais de duas d\u00e9cadas de experi\u00eancia em planejamento, desenvolvimento e implementa\u00e7\u00e3o de projetos relacionados \u00e0s cidades inteligentes, intelig\u00eancia artificial e internet das coisas.<\/p><\/div>[\/vc_column][vc_column width=&#8221;1\/2&#8243; css=&#8221;.vc_custom_1448693531998{padding-bottom: 50px !important;}&#8221; offset=&#8221;vc_col-md-4&#8243;]<div class=\" service-box service-box-style-3 text-left \">\r\n\t\t\t\t\t<div class=\"service-box-style-3-icon\">\r\n\t\t\t\t\t\t<a href=\"mailto:renato@renatodecastro.com\" target=\"_blank\"><span class=\" agni-icon \" style=\"color:#f2b043; \"><i class=\"ion-ios-people  \" style=\"color:#000000; \"><\/i><\/span><\/a>\r\n\t\t\t\t\t<\/div>\r\n\t\t\t\t\t<div class=\"service-box-style-3-text\">\r\n\t\t\t\t\t\t<h6 class=\"heading\"><a href=\"mailto:renato@renatodecastro.com\" target=\"_blank\">City SmartUp\u2122<\/a><\/h6>\r\n\t\t\t\t\t\t<p>Uma metodologia exclusiva para modelagem de projetos de cidades inteligentes para governos e empresas.<\/p>\n\r\n\t\t\t\t\t<\/div>\r\n\t\t\t\t<\/div>[\/vc_column][vc_column width=&#8221;1\/2&#8243; css=&#8221;.vc_custom_1448693509036{padding-bottom: 50px !important;}&#8221; offset=&#8221;vc_col-md-4&#8243;]<div class=\" service-box service-box-style-3 text-left \">\r\n\t\t\t\t\t<div class=\"service-box-style-3-icon\">\r\n\t\t\t\t\t\t<a href=\"mailto:renato@renatodecastro.com\" target=\"_blank\"><span class=\" agni-icon \" style=\"color:#f2b043; \"><i class=\"fa fa-money  \" style=\"color:#000000; \"><\/i><\/span><\/a>\r\n\t\t\t\t\t<\/div>\r\n\t\t\t\t\t<div class=\"service-box-style-3-text\">\r\n\t\t\t\t\t\t<h6 class=\"heading\"><a href=\"mailto:renato@renatodecastro.com\" target=\"_blank\">Atra\u00e7\u00e3o de Investimento<\/a><\/h6>\r\n\t\t\t\t\t\t<p>Apoio completo no desenvolvendo de projetos de Smart City, IoT e IA para atra\u00e7\u00e3o de investidores locais e estrangeiros.<\/p>\n\r\n\t\t\t\t\t<\/div>\r\n\t\t\t\t<\/div>[\/vc_column][vc_column width=&#8221;1\/2&#8243; css=&#8221;.vc_custom_1448693514290{padding-bottom: 50px !important;}&#8221; offset=&#8221;vc_col-md-4&#8243;]<div class=\" service-box service-box-style-3 text-left \">\r\n\t\t\t\t\t<div class=\"service-box-style-3-icon\">\r\n\t\t\t\t\t\t<a href=\"mailto:renato@renatodecastro.com\" target=\"_blank\"><span class=\" agni-icon \" style=\"color:#f2b043; \"><i class=\"pe-7f-light  \" style=\"color:#000000; \"><\/i><\/span><\/a>\r\n\t\t\t\t\t<\/div>\r\n\t\t\t\t\t<div class=\"service-box-style-3-text\">\r\n\t\t\t\t\t\t<h6 class=\"heading\"><a href=\"mailto:renato@renatodecastro.com\" target=\"_blank\">Conselho Consultivo<\/a><\/h6>\r\n\t\t\t\t\t\t<p>Ampla experi\u00eancia na estrutura\u00e7\u00e3o e coordena\u00e7\u00e3o de conselhos consultivos internacionais (advisory board) para empresas e startups.<\/p>\n\r\n\t\t\t\t\t<\/div>\r\n\t\t\t\t<\/div>[\/vc_column][vc_column width=&#8221;1\/2&#8243; css=&#8221;.vc_custom_1448693520366{padding-bottom: 50px !important;}&#8221; offset=&#8221;vc_col-md-4&#8243;]<div class=\" service-box service-box-style-3 text-left \">\r\n\t\t\t\t\t<div class=\"service-box-style-3-icon\">\r\n\t\t\t\t\t\t<a href=\"mailto:renato@renatodecastro.com\" target=\"_blank\"><span class=\" agni-icon \" style=\"color:#f2b043; \"><i class=\"ion-easel  \" style=\"color:#000000; \"><\/i><\/span><\/a>\r\n\t\t\t\t\t<\/div>\r\n\t\t\t\t\t<div class=\"service-box-style-3-text\">\r\n\t\t\t\t\t\t<h6 class=\"heading\"><a href=\"mailto:renato@renatodecastro.com\" target=\"_blank\">Treinamento Corporativo<\/a><\/h6>\r\n\t\t\t\t\t\t<p>Programas de treinamento (presenciais e on-line) customizados para corpora\u00e7\u00f5es p\u00fablicas e privadas em t\u00f3picos como Lideran\u00e7a 4.0.<\/p>\n\r\n\t\t\t\t\t<\/div>\r\n\t\t\t\t<\/div>[\/vc_column][vc_column width=&#8221;1\/2&#8243; css=&#8221;.vc_custom_1448693527272{padding-bottom: 50px !important;}&#8221; offset=&#8221;vc_col-md-4&#8243;]<div class=\" service-box service-box-style-3 text-left \">\r\n\t\t\t\t\t<div class=\"service-box-style-3-icon\">\r\n\t\t\t\t\t\t<a href=\"mailto:renato@renatodecastro.com\" target=\"_blank\"><span class=\" agni-icon \" style=\"color:#f2b043; \"><i class=\"ion-android-globe  \" style=\"color:#000000; \"><\/i><\/span><\/a>\r\n\t\t\t\t\t<\/div>\r\n\t\t\t\t\t<div class=\"service-box-style-3-text\">\r\n\t\t\t\t\t\t<h6 class=\"heading\"><a href=\"mailto:renato@renatodecastro.com\" target=\"_blank\">Estrat\u00e9gias de Internacionaliza\u00e7\u00e3o<\/a><\/h6>\r\n\t\t\t\t\t\t<p>Apoio \u00e0s startups de r\u00e1pido crescimento no desenvolvimento e implementa\u00e7\u00e3o de estrat\u00e9gias de entrada em mercado globais.<\/p>\n\r\n\t\t\t\t\t<\/div>\r\n\t\t\t\t<\/div>[\/vc_column][vc_column width=&#8221;1\/2&#8243; css=&#8221;.vc_custom_1448693537263{padding-bottom: 50px !important;}&#8221; offset=&#8221;vc_col-md-4&#8243;]<div class=\" service-box service-box-style-3 text-left \">\r\n\t\t\t\t\t<div class=\"service-box-style-3-icon\">\r\n\t\t\t\t\t\t<a href=\"https:\/\/www.renatodecastro.com\/tech-missions\/\" target=\"_blank\"><span class=\" agni-icon \" style=\"color:#f2b043; \"><i class=\"pe-7f-plane  \" style=\"color:#000000; \"><\/i><\/span><\/a>\r\n\t\t\t\t\t<\/div>\r\n\t\t\t\t\t<div class=\"service-box-style-3-text\">\r\n\t\t\t\t\t\t<h6 class=\"heading\"><a href=\"https:\/\/www.renatodecastro.com\/tech-missions\/\" target=\"_blank\">Miss\u00f5es Empresariais<\/a><\/h6>\r\n\t\t\t\t\t\t<p>Miss\u00f5es comerciais e t\u00e9cnicas sob medida para empresas, associa\u00e7\u00f5es e governos para imers\u00e3o e benchmark em todo o mundo.<\/p>\n\r\n\t\t\t\t\t<\/div>\r\n\t\t\t\t<\/div>[\/vc_column][\/vc_row][vc_row fullwidth=&#8221;has-fullwidth-column-no-padding&#8221; el_id=&#8221;video&#8221; el_class=&#8221;video&#8221;][vc_column]<div class=\" section-video-container section-video-container-\" style=\"height:460px\">\r\n\t\t\t\t\t<a  class=\"player\" data-property=\"{videoURL:'https:\/\/youtu.be\/6pUrXOUCXBs', containment:'.section-video-container- ', showControls:false, autoPlay:true, loop:true, vol:50, mute:true, startAt:0, stopAt:30, opacity:1, addRaster:false, optimizeDisplay:true, quality:'default'}\" style=\"background-image:url(' https:\/\/www.renatodecastro.com\/wp-content\/uploads\/2015\/11\/home-15_slide-1-2-1.jpg ')\"><\/a>\r\n\t\t\t\t\t<div class=\"overlay\" style=\"opacity:0.6\"><\/div>\r\n\t\t\t\t\t<div class=\"section-video-controls\">\r\n\t\t\t\t\t\t<a class=\"command command-play\" href=\"#\"><\/a>\r\n\t\t\t\t\t\t<a class=\"command command-pause\" href=\"#\"><\/a>\r\n\t\t\t\t\t<\/div>\r\n\t\t\t\t<\/div>[\/vc_column][\/vc_row][vc_row el_id=&#8221;subscribe&#8221; el_class=&#8221;subscribe&#8221; padding_top=&#8221;110&#8243; padding_bottom=&#8221;70&#8243;][vc_column width=&#8221;1\/2&#8243; offset=&#8221;vc_col-md-offset-1 vc_col-md-5&#8243; css=&#8221;.vc_custom_1449070387163{padding-bottom: 40px !important;}&#8221;][vc_custom_heading text=&#8221;Vamos nos conectar?&#8221; font_container=&#8221;tag:h4|text_align:left&#8221; use_theme_fonts=&#8221;yes&#8221; css=&#8221;.vc_custom_1562609405464{margin-top: 0px !important;margin-bottom: 0px !important;}&#8221;][vc_custom_heading text=&#8221;Envie um e-mail com suas ideias e entrarei em contato para agendar uma reuni\u00e3o e discutirmos os detalhes do seu projeto.&#8221; font_container=&#8221;tag:div|font_size:18|text_align:left&#8221; google_fonts=&#8221;font_family:Lato%3A100%2C100italic%2C300%2C300italic%2Cregular%2Citalic%2C700%2C700italic%2C900%2C900italic|font_style:300%20light%20regular%3A300%3Anormal&#8221; css=&#8221;.vc_custom_1562609418739{margin-top: 0px !important;margin-bottom: 0px !important;}&#8221;][vc_empty_space][vc_column_text]E-mail direto: <a href=\"mailto:renato@renatodecastro.com\">info@renatodecastro.com<\/a><\/p>\n<p>Whatsapp: +971561288969[\/vc_column_text][\/vc_column][vc_column width=&#8221;1\/2&#8243; offset=&#8221;vc_col-md-5&#8243; css=&#8221;.vc_custom_1449070393317{padding-bottom: 40px !important;}&#8221;][contact-form-7 404 \"N\u00e3o encontrado\"][\/vc_column][\/vc_row]<\/p>\n","protected":false},"excerpt":{"rendered":"<p>[vc_row el_id=&#8221;services&#8221; el_class=&#8221;services&#8221; padding_top=&#8221;120&#8243; padding_bottom=&#8221;70&#8243;][vc_column width=&#8221;5\/6&#8243; css=&#8221;.vc_custom_1448694064531{padding-bottom: 70px !important;}&#8221; offset=&#8221;vc_col-md-offset-2 vc_col-md-8 vc_col-sm-offset-1&#8243;][\/vc_column][vc_column width=&#8221;1\/2&#8243; css=&#8221;.vc_custom_1448693531998{padding-bottom: 50px !important;}&#8221; offset=&#8221;vc_col-md-4&#8243;][\/vc_column][vc_column width=&#8221;1\/2&#8243; css=&#8221;.vc_custom_1448693509036{padding-bottom: 50px !important;}&#8221; offset=&#8221;vc_col-md-4&#8243;][\/vc_column][vc_column width=&#8221;1\/2&#8243; css=&#8221;.vc_custom_1448693514290{padding-bottom: 50px !important;}&#8221; offset=&#8221;vc_col-md-4&#8243;][\/vc_column][vc_column width=&#8221;1\/2&#8243; css=&#8221;.vc_custom_1448693520366{padding-bottom: 50px !important;}&#8221; offset=&#8221;vc_col-md-4&#8243;][\/vc_column][vc_column width=&#8221;1\/2&#8243; css=&#8221;.vc_custom_1448693527272{padding-bottom: 50px !important;}&#8221; offset=&#8221;vc_col-md-4&#8243;][\/vc_column][vc_column width=&#8221;1\/2&#8243; css=&#8221;.vc_custom_1448693537263{padding-bottom: 50px !important;}&#8221; offset=&#8221;vc_col-md-4&#8243;][\/vc_column][\/vc_row][vc_row fullwidth=&#8221;has-fullwidth-column-no-padding&#8221; el_id=&#8221;video&#8221; el_class=&#8221;video&#8221;][vc_column][\/vc_column][\/vc_row][vc_row el_id=&#8221;subscribe&#8221; el_class=&#8221;subscribe&#8221; padding_top=&#8221;110&#8243; padding_bottom=&#8221;70&#8243;][vc_column width=&#8221;1\/2&#8243; offset=&#8221;vc_col-md-offset-1 vc_col-md-5&#8243; css=&#8221;.vc_custom_1449070387163{padding-bottom: 40px !important;}&#8221;][vc_custom_heading [&hellip;]<\/p>\n","protected":false},"author":1,"featured_media":0,"parent":0,"menu_order":0,"comment_status":"closed","ping_status":"closed","template":"","meta":[],"_links":{"self":[{"href":"https:\/\/www.renatodecastro.com\/pt-br\/wp-json\/wp\/v2\/pages\/7550"}],"collection":[{"href":"https:\/\/www.renatodecastro.com\/pt-br\/wp-json\/wp\/v2\/pages"}],"about":[{"href":"https:\/\/www.renatodecastro.com\/pt-br\/wp-json\/wp\/v2\/types\/page"}],"author":[{"embeddable":true,"href":"https:\/\/www.renatodecastro.com\/pt-br\/wp-json\/wp\/v2\/users\/1"}],"replies":[{"embeddable":true,"href":"https:\/\/www.renatodecastro.com\/pt-br\/wp-json\/wp\/v2\/comments?post=7550"}],"version-history":[{"count":0,"href":"https:\/\/www.renatodecastro.com\/pt-br\/wp-json\/wp\/v2\/pages\/7550\/revisions"}],"wp:attachment":[{"href":"https:\/\/www.renatodecastro.com\/pt-br\/wp-json\/wp\/v2\/media?parent=7550"}],"curies":[{"name":"wp","href":"https:\/\/api.w.org\/{rel}","templated":true}]}}