{"id":7546,"date":"2019-07-08T17:53:35","date_gmt":"2019-07-08T17:53:35","guid":{"rendered":"https:\/\/www.renatodecastro.com\/?page_id=7546"},"modified":"2021-09-29T16:12:49","modified_gmt":"2021-09-29T14:12:49","slug":"home","status":"publish","type":"page","link":"https:\/\/www.renatodecastro.com\/pt-br\/","title":{"rendered":"Home"},"content":{"rendered":"<p>[vc_row el_id=&#8221;intro&#8221; el_class=&#8221;intro&#8221; bg_color=&#8221;#1e1f21&#8243; padding_top=&#8221;140&#8243; padding_bottom=&#8221;140&#8243;][vc_column white=&#8221;white&#8221; width=&#8221;5\/6&#8243; animation=&#8221;fadeIn&#8221; animation_delay=&#8221;0.2&#8243; animation_duration=&#8221;0.4&#8243; animation_offset=&#8221;70%&#8221; offset=&#8221;vc_col-md-offset-2 vc_col-md-8 vc_col-sm-offset-1&#8243;][vc_custom_heading text=&#8221;Na Minha Opini\u00e3o&#8221; font_container=&#8221;tag:p|text_align:center&#8221; use_theme_fonts=&#8221;yes&#8221;][vc_custom_heading text=&#8221;&#8220;Cidades inteligentes s\u00e3o lugares onde tudo conspira para tornar sua vida melhor.&#8220;&#8221; font_container=&#8221;tag:h2|font_size:36|text_align:center&#8221; use_theme_fonts=&#8221;yes&#8221;]<div class=\" text-center page-scroll\"><a class=\"btn btn-alt btn-white \" target=\"_blank\" href=\"https:\/\/www.renatodecastro.com\/about-me\/\" style=\"margin-top: 40px; margin-bottom: px; margin-left: px; margin-right: px; \">J\u00e1 me conhece?<\/a><\/div>[\/vc_column][\/vc_row][vc_row el_id=&#8221;clients&#8221; el_class=&#8221;clients&#8221; padding_top=&#8221;80&#8243; padding_bottom=&#8221;40&#8243;][vc_column][vc_custom_heading divide_line=&#8221;yes&#8221; divide_line_width=&#8221;70&#8243; divide_line_color=&#8221;#f2b043&#8243; divide_line_align=&#8221;center&#8221; text=&#8221;Meus Projetos pelo mundo&#8221; font_container=&#8221;tag:h5|text_align:center&#8221; use_theme_fonts=&#8221;yes&#8221;]\r\n                  \r\n    \r\n    <div class=\"carousel-clients\" data-clients-autoplay='true' data-clients-autoplay-timeout='4000' data-clients-autoplay-hover='true' data-clients-loop='true' data-clients-pagination='true' data-client-0=\"1\" data-client-768=\"3\" data-client-992=\"4\" data-client-1200=\"6\">\r\n     \r\n\t\t\r\n\t\t\t\t\t\t\r\n\t\t\t\t\t\t\t<div id=\"post-7535\" class=\"client client-style-1\">\r\n\t\t\t\t\t\t                \t<img width=\"105\" height=\"87\" src=\"https:\/\/www.renatodecastro.com\/wp-content\/uploads\/2020\/01\/SmartUp-1.png\" class=\"attachment-full size-full\" alt=\"\" decoding=\"async\" loading=\"lazy\" \/>\t                \t\t\t\t<\/div>\r\n\t\t\t\t\t\r\n\t \r\n\t\t\r\n\t\t\t\t\t\t\r\n\t\t\t\t\t\t\t<div id=\"post-7534\" class=\"client client-style-1\">\r\n\t\t\t\t\t\t                \t<img width=\"105\" height=\"86\" src=\"https:\/\/www.renatodecastro.com\/wp-content\/uploads\/2020\/01\/Uol.png\" class=\"attachment-full size-full\" alt=\"\" decoding=\"async\" loading=\"lazy\" \/>\t                \t\t\t\t<\/div>\r\n\t\t\t\t\t\r\n\t \r\n\t\t\r\n\t\t\t\t\t\t\r\n\t\t\t\t\t\t\t<div id=\"post-7533\" class=\"client client-style-1\">\r\n\t\t\t\t\t\t                \t<img width=\"105\" height=\"87\" src=\"https:\/\/www.renatodecastro.com\/wp-content\/uploads\/2020\/01\/Mega-1-1.png\" class=\"attachment-full size-full\" alt=\"\" decoding=\"async\" loading=\"lazy\" \/>\t                \t\t\t\t<\/div>\r\n\t\t\t\t\t\r\n\t \r\n\t\t\r\n\t\t\t\t\t\t\r\n\t\t\t\t\t\t\t<div id=\"post-7532\" class=\"client client-style-1\">\r\n\t\t\t\t\t\t                \t<img width=\"105\" height=\"87\" src=\"https:\/\/www.renatodecastro.com\/wp-content\/uploads\/2020\/01\/FIWARE.png\" class=\"attachment-full size-full\" alt=\"\" decoding=\"async\" loading=\"lazy\" \/>\t                \t\t\t\t<\/div>\r\n\t\t\t\t\t\r\n\t \r\n\t\t\r\n\t\t\t\t\t\t\r\n\t\t\t\t\t\t\t<div id=\"post-7531\" class=\"client client-style-1\">\r\n\t\t\t\t\t\t                \t<img width=\"105\" height=\"87\" src=\"https:\/\/www.renatodecastro.com\/wp-content\/uploads\/2020\/01\/SmartCat.png\" class=\"attachment-full size-full\" alt=\"\" decoding=\"async\" loading=\"lazy\" \/>\t                \t\t\t\t<\/div>\r\n\t\t\t\t\t\r\n\t \r\n\t\t\r\n\t\t\t\t\t\t\r\n\t\t\t\t\t\t\t<div id=\"post-7530\" class=\"client client-style-1\">\r\n\t\t\t\t\t\t                \t<img width=\"105\" height=\"87\" src=\"https:\/\/www.renatodecastro.com\/wp-content\/uploads\/2020\/01\/IOT.png\" class=\"attachment-full size-full\" alt=\"\" decoding=\"async\" loading=\"lazy\" \/>\t                \t\t\t\t<\/div>\r\n\t\t\t\t\t\r\n\t \r\n\t\t\r\n\t\t\t\t\t\t\r\n\t\t\t\t\t\t\t<div id=\"post-7529\" class=\"client client-style-1\">\r\n\t\t\t\t\t\t                \t<img width=\"105\" height=\"87\" src=\"https:\/\/www.renatodecastro.com\/wp-content\/uploads\/2020\/01\/WSCO.jpg\" class=\"attachment-full size-full\" alt=\"\" decoding=\"async\" loading=\"lazy\" \/>\t                \t\t\t\t<\/div>\r\n\t\t\t\t\t\r\n\t \r\n\t\t\r\n\t\t\t\t\t\t\r\n\t\t\t\t\t\t\t<div id=\"post-7528\" class=\"client client-style-1\">\r\n\t\t\t\t\t\t                \t<img width=\"105\" height=\"87\" src=\"https:\/\/www.renatodecastro.com\/wp-content\/uploads\/2020\/01\/TMforum-1.png\" class=\"attachment-full size-full\" alt=\"\" decoding=\"async\" loading=\"lazy\" \/>\t                \t\t\t\t<\/div>\r\n\t\t\t\t\t\r\n\t \r\n\t\t\r\n\t\t\t\t\t\t\r\n\t\t\t\t\t\t\t<div id=\"post-6109\" class=\"client client-style-1\">\r\n\t\t\t\t\t\t                \t<img width=\"105\" height=\"87\" src=\"https:\/\/www.renatodecastro.com\/wp-content\/uploads\/2020\/01\/Ai4good.png\" class=\"attachment-full size-full\" alt=\"\" decoding=\"async\" loading=\"lazy\" \/>\t                \t\t\t\t<\/div>\r\n\t\t\t\t\t\r\n\t \r\n\t\t\r\n\t\t\t\t\t\t\r\n\t\t\t\t\t\t\t<div id=\"post-112\" class=\"client client-style-1\">\r\n\t\t\t\t\t         \r\n\t                \t<a href=\"#\"><img width=\"105\" height=\"87\" src=\"https:\/\/www.renatodecastro.com\/wp-content\/uploads\/2020\/01\/WE4CITY.png\" class=\"attachment-full size-full\" alt=\"\" decoding=\"async\" loading=\"lazy\" \/><\/a>\r\n\t                \t\t\t\t<\/div>\r\n\t\t\t\t\t\r\n\t \r\n\t\t\r\n\t\t\t\t\t\t\r\n\t\t\t\t\t\t\t<div id=\"post-111\" class=\"client client-style-1\">\r\n\t\t\t\t\t         \r\n\t                \t<a href=\"#\"><img width=\"105\" height=\"87\" src=\"https:\/\/www.renatodecastro.com\/wp-content\/uploads\/2020\/01\/COR-1.png\" class=\"attachment-full size-full\" alt=\"\" decoding=\"async\" loading=\"lazy\" \/><\/a>\r\n\t                \t\t\t\t<\/div>\r\n\t\t\t\t\t\r\n\t \r\n\t\t\r\n\t\t\t\t\t\t\r\n\t\t\t\t\t\t\t<div id=\"post-110\" class=\"client client-style-1\">\r\n\t\t\t\t\t         \r\n\t                \t<a href=\"#\"><img width=\"105\" height=\"87\" src=\"https:\/\/www.renatodecastro.com\/wp-content\/uploads\/2020\/01\/Spin-1.png\" class=\"attachment-full size-full\" alt=\"\" decoding=\"async\" loading=\"lazy\" \/><\/a>\r\n\t                \t\t\t\t<\/div>\r\n\t\t\t\t\t\r\n\t \r\n\t\t\r\n\t\t\t\t\t\t\r\n\t\t\t\t\t\t\t<div id=\"post-109\" class=\"client client-style-1\">\r\n\t\t\t\t\t         \r\n\t                \t<a href=\"#\"><img width=\"105\" height=\"87\" src=\"https:\/\/www.renatodecastro.com\/wp-content\/uploads\/2020\/01\/Knect-1.png\" class=\"attachment-full size-full\" alt=\"\" decoding=\"async\" loading=\"lazy\" \/><\/a>\r\n\t                \t\t\t\t<\/div>\r\n\t\t\t\t\t\r\n\t \r\n\t\t\r\n\t\t\t\t\t\t\r\n\t\t\t\t\t\t\t<div id=\"post-108\" class=\"client client-style-1\">\r\n\t\t\t\t\t         \r\n\t                \t<a href=\"#\"><img width=\"105\" height=\"87\" src=\"https:\/\/www.renatodecastro.com\/wp-content\/uploads\/2020\/01\/Leading-Cities-1.png\" class=\"attachment-full size-full\" alt=\"\" decoding=\"async\" loading=\"lazy\" \/><\/a>\r\n\t                \t\t\t\t<\/div>\r\n\t\t\t\t\t\r\n\t \r\n\t\t\r\n\t\t\t\t\t\t\r\n\t\t\t\t\t\t\t<div id=\"post-107\" class=\"client client-style-1\">\r\n\t\t\t\t\t         \r\n\t                \t<a href=\"#\"><img width=\"105\" height=\"87\" src=\"https:\/\/www.renatodecastro.com\/wp-content\/uploads\/2020\/01\/Rede.png\" class=\"attachment-full size-full\" alt=\"\" decoding=\"async\" loading=\"lazy\" \/><\/a>\r\n\t                \t\t\t\t<\/div>\r\n\t\t\t\t\t\r\n\t\t\r\n\t<\/div>\r\n\t   \r\n[\/vc_column][\/vc_row][vc_row fullwidth=&#8221;has-fullwidth-column-no-padding&#8221; act_as_table=&#8221;act_as_table&#8221; bg_color=&#8221;#f6f7f8&#8243; el_id=&#8221;feature-1&#8243; el_class=&#8221;feature-1&#8243;][vc_column css=&#8221;.vc_custom_1561470429008{padding-top: 200px !important;padding-bottom: 200px !important;background-image: url(https:\/\/www.renatodecastro.com\/wp-content\/uploads\/2019\/06\/RDC-Ciclovia-BCN.jpg?id=4352) !important;background-position: center !important;background-repeat: no-repeat !important;background-size: cover !important;}&#8221; offset=&#8221;vc_col-md-6&#8243;][\/vc_column][vc_column animation=&#8221;fadeIn&#8221; animation_delay=&#8221;0.2&#8243; animation_duration=&#8221;0.4&#8243; css=&#8221;.vc_custom_1464434595745{padding-top: 8.5% !important;padding-right: 8.5% !important;padding-bottom: 8.5% !important;padding-left: 8.5% !important;}&#8221; offset=&#8221;vc_col-md-6&#8243;][vc_custom_heading text=&#8221;20+ ANOS DE EXPERI\u00caNCIA&#8221; font_container=&#8221;tag:h6|text_align:left|color:%23999999&#8243; use_theme_fonts=&#8221;yes&#8221;][vc_custom_heading text=&#8221;Mais de duas d\u00e9cadas de experi\u00eancia como executivo internacional na \u00c1sia, Am\u00e9ricas e Europa.&#8221; font_container=&#8221;tag:h4|text_align:left&#8221; use_theme_fonts=&#8221;yes&#8221;][vc_column_text css=&#8221;.vc_custom_1632924730908{padding-top: 10px !important;}&#8221;]<\/p>\n<div class=\"wpb_text_column wpb_content_element \">\n<div class=\"wpb_wrapper\">\n<p>Especialista em<em> Smart City<\/em> com mais de 20 anos de experi\u00eancia, Renato de Castro \u00e9 o autor de a Cidade <em>StartUp<\/em>: uma nova era de cidades mais inteligentes. Atualmente sediado no Oriente M\u00e9dio, seu trabalho concentra-se na transforma\u00e7\u00e3o digital do ecossistema urbano; assessorando governos locais e todo o <em>trade<\/em> da constru\u00e7\u00e3o no planejamento e desenvolvimento de pol\u00edticas e projetos de cidades inteligentes.<\/p>\n<\/div>\n<\/div>\n<p>[\/vc_column_text]<div class=\" text-left page-scroll\"><a class=\"btn btn-alt btn-default \" target=\"_blank\" href=\"https:\/\/www.renatodecastro.com\/pt-br\/sobre-mim\/\" >Sobre Mim<\/a><\/div>[\/vc_column][\/vc_row][vc_row fullwidth=&#8221;has-fullwidth-column-no-padding&#8221; act_as_table=&#8221;act_as_table&#8221; bg_color=&#8221;#f6f7f8&#8243; el_id=&#8221;feature-2&#8243; el_class=&#8221;feature-2&#8243;][vc_column animation=&#8221;fadeIn&#8221; animation_delay=&#8221;0.2&#8243; animation_duration=&#8221;0.4&#8243; css=&#8221;.vc_custom_1464434609999{padding-top: 8.5% !important;padding-right: 8.5% !important;padding-bottom: 8.5% !important;padding-left: 8.5% !important;}&#8221; offset=&#8221;vc_col-md-6&#8243;][vc_custom_heading text=&#8221;KEYNOTE SPEAKER&#8221; font_container=&#8221;tag:h6|text_align:left|color:%23999999&#8243; use_theme_fonts=&#8221;yes&#8221;][vc_custom_heading text=&#8221;Mais de 1 milh\u00e3o de quil\u00f4metros voados ao redor do mundo desde 2015.&#8221; font_container=&#8221;tag:h4|text_align:left&#8221; use_theme_fonts=&#8221;yes&#8221;][vc_column_text css=&#8221;.vc_custom_1562607371322{padding-top: 10px !important;}&#8221;]Renato \u00e9 um renomado professor e palestrante de estrat\u00e9gias de internacionaliza\u00e7\u00e3o e atra\u00e7\u00e3o de investimentos para cidades inteligentes, tendo participado de mais de 60 eventos globais em 30 pa\u00edses, incluindo tr\u00eas TEDx Talks. Desde 2015, Renato percorreu quase 1 milh\u00e3o de quil\u00f4metros em todo o mundo para compartilhar sua vis\u00e3o sobre a nova era de cidades mais inteligentes, incluindo t\u00f3picos como Intelig\u00eancia Artificial, Internet das Coisas e lideran\u00e7a 4.0.[\/vc_column_text]<div class=\" text-left page-scroll\"><a class=\"btn btn-alt btn-default \" target=\"_blank\" href=\"https:\/\/www.renatodecastro.com\/my-schedule\/\" >Minha Agenda<\/a><\/div>[\/vc_column][vc_column css=&#8221;.vc_custom_1561480200342{padding-top: 200px !important;padding-bottom: 200px !important;background-image: url(https:\/\/www.renatodecastro.com\/wp-content\/uploads\/2019\/06\/WTM-Renato-de-Castro-1.jpg?id=4369) !important;background-position: center !important;background-repeat: no-repeat !important;background-size: cover !important;}&#8221; offset=&#8221;vc_col-md-6&#8243;][\/vc_column][\/vc_row][vc_row fullwidth=&#8221;has-fullwidth-column-no-padding&#8221; bg_choice=&#8221;2&#8243; bg_parallax=&#8221;1&#8243; data_bottom_top=&#8221;background-position: 0px -600px&#8221; data_center=&#8221;background-position: 0px -250px&#8221; data_top_bottom=&#8221;background-position: 0px 100px;&#8221; el_id=&#8221;features-3&#8243; el_class=&#8221;features-3&#8243; bg_image=&#8221;3484&#8243;][vc_column css=&#8221;.vc_custom_1561565967652{padding-top: 3% !important;padding-right: 0px !important;padding-left: 0px !important;background-color: rgba(255,255,255,0.9) !important;*background-color: rgb(255,255,255) !important;}&#8221; offset=&#8221;vc_col-lg-offset-6 vc_col-lg-6 vc_col-md-offset-5 vc_col-md-7 vc_col-xs-12&#8243;][vc_custom_heading text=&#8221;SMART CITY EXPERT&#8221; font_container=&#8221;tag:h6|text_align:center|color:%23999999&#8243; use_theme_fonts=&#8221;yes&#8221;][vc_custom_heading text=&#8221;100% comprometido em apoiar organiza\u00e7\u00f5es e governos em todo o mundo na constru\u00e7\u00e3o de cidades melhores e mais inteligentes.&#8221; font_container=&#8221;tag:h4|text_align:center&#8221; use_theme_fonts=&#8221;yes&#8221;][vc_row_inner css=&#8221;.vc_custom_1562263483267{margin-top: 100px !important;margin-right: 0px !important;margin-bottom: 70px !important;margin-left: 0px !important;}&#8221; el_class=&#8221;hm5&#8243;][vc_column_inner width=&#8221;1\/2&#8243; offset=&#8221;vc_col-lg-5 vc_col-md-offset-1&#8243; css=&#8221;.vc_custom_1562263763303{padding-bottom: 50px !important;}&#8221;]<div class=\" service-box service-box-style-3 text-left \">\r\n\t\t\t\t\t<div class=\"service-box-style-3-icon\">\r\n\t\t\t\t\t\t<a href=\"https:\/\/www.renatodecastro.com\/services\/\" target=\"_blank\"><h5 class=\"service-box-text\">01<\/h5><\/a>\r\n\t\t\t\t\t<\/div>\r\n\t\t\t\t\t<div class=\"service-box-style-3-text\">\r\n\t\t\t\t\t\t<h6 class=\"heading\"><a href=\"https:\/\/www.renatodecastro.com\/services\/\" target=\"_blank\">Inovando<\/a><\/h6>\r\n\t\t\t\t\t\t<p>Desenvolvendo e implementando seu conceito exclusivo \u201cCity SmartUp\u201d por mais de cinco anos.<\/p>\n\r\n\t\t\t\t\t<\/div>\r\n\t\t\t\t<\/div>[\/vc_column_inner][vc_column_inner width=&#8221;1\/2&#8243; css=&#8221;.vc_custom_1562263732996{padding-bottom: 50px !important;}&#8221; offset=&#8221;vc_col-md-5&#8243;]<div class=\" service-box service-box-style-3 text-left \">\r\n\t\t\t\t\t<div class=\"service-box-style-3-icon\">\r\n\t\t\t\t\t\t<a href=\"https:\/\/www.renatodecastro.com\/services\/\" target=\"_self\"><h5 class=\"service-box-text\">02<\/h5><\/a>\r\n\t\t\t\t\t<\/div>\r\n\t\t\t\t\t<div class=\"service-box-style-3-text\">\r\n\t\t\t\t\t\t<h6 class=\"heading\"><a href=\"https:\/\/www.renatodecastro.com\/services\/\" target=\"_blank\">Assessorando<\/a><\/h6>\r\n\t\t\t\t\t\t<p>Prestando suporte completo na formata\u00e7\u00e3o de solu\u00e7\u00f5es para Smart Cities para empresas e governos.<\/p>\n\r\n\t\t\t\t\t<\/div>\r\n\t\t\t\t<\/div>[\/vc_column_inner][vc_column_inner width=&#8221;1\/2&#8243; offset=&#8221;vc_col-md-offset-1 vc_col-md-5&#8243; css=&#8221;.vc_custom_1562263741784{padding-bottom: 50px !important;}&#8221;]<div class=\" service-box service-box-style-3 text-left \">\r\n\t\t\t\t\t<div class=\"service-box-style-3-icon\">\r\n\t\t\t\t\t\t<a href=\"https:\/\/www.renatodecastro.com\/my-schedule\/\" target=\"_blank\"><h5 class=\"service-box-text\">03<\/h5><\/a>\r\n\t\t\t\t\t<\/div>\r\n\t\t\t\t\t<div class=\"service-box-style-3-text\">\r\n\t\t\t\t\t\t<h6 class=\"heading\"><a href=\"https:\/\/www.renatodecastro.com\/my-schedule\/\" target=\"_blank\">Educando<\/a><\/h6>\r\n\t\t\t\t\t\t<p>Lecionando h\u00e1 mais de 20 anos como professor visitante em v\u00e1rias universidades ao redor do mundo.<\/p>\n\r\n\t\t\t\t\t<\/div>\r\n\t\t\t\t<\/div>[\/vc_column_inner][vc_column_inner width=&#8221;1\/2&#8243; offset=&#8221;vc_col-md-5&#8243; css=&#8221;.vc_custom_1562263750351{padding-bottom: 50px !important;}&#8221;]<div class=\" service-box service-box-style-3 text-left \">\r\n\t\t\t\t\t<div class=\"service-box-style-3-icon\">\r\n\t\t\t\t\t\t<a href=\"https:\/\/www.renatodecastro.com\/my-schedule\/\" target=\"_blank\"><h5 class=\"service-box-text\">04<\/h5><\/a>\r\n\t\t\t\t\t<\/div>\r\n\t\t\t\t\t<div class=\"service-box-style-3-text\">\r\n\t\t\t\t\t\t<h6 class=\"heading\"><a href=\"https:\/\/www.renatodecastro.com\/my-schedule\/\" target=\"_blank\">Palestrando<\/a><\/h6>\r\n\t\t\t\t\t\t<p>Palestrante de renome mundial em Smart Cities, IoT e IA em mais de 60 eventos, incluindo tr\u00eas TEDx.<\/p>\n\r\n\t\t\t\t\t<\/div>\r\n\t\t\t\t<\/div>[\/vc_column_inner][vc_column_inner width=&#8221;1\/2&#8243; offset=&#8221;vc_col-md-offset-1 vc_col-md-5&#8243; css=&#8221;.vc_custom_1452322479944{padding-bottom: 50px !important;}&#8221;]<div class=\" service-box service-box-style-3 text-left \">\r\n\t\t\t\t\t<div class=\"service-box-style-3-icon\">\r\n\t\t\t\t\t\t<a href=\"https:\/\/www.linkedin.com\/in\/renatodecastro\/\" target=\"_blank\"><h5 class=\"service-box-text\">05<\/h5><\/a>\r\n\t\t\t\t\t<\/div>\r\n\t\t\t\t\t<div class=\"service-box-style-3-text\">\r\n\t\t\t\t\t\t<h6 class=\"heading\"><a href=\"https:\/\/www.linkedin.com\/in\/renatodecastro\/\" target=\"_blank\">Influenciando<\/a><\/h6>\r\n\t\t\t\t\t\t<p>Mais de 20 mil seguidores no LinkedIn, colunista e v\u00eddeo blogger no Portal UOL Tecnologia.<\/p>\n\r\n\t\t\t\t\t<\/div>\r\n\t\t\t\t<\/div>[\/vc_column_inner][vc_column_inner width=&#8221;1\/2&#8243; offset=&#8221;vc_col-md-5&#8243; css=&#8221;.vc_custom_1452322490564{padding-bottom: 50px !important;}&#8221;]<div class=\" service-box service-box-style-3 text-left \">\r\n\t\t\t\t\t<div class=\"service-box-style-3-icon\">\r\n\t\t\t\t\t\t<a href=\"https:\/\/www.renatodecastro.com\/tech-missions\/\" target=\"_blank\"><h5 class=\"service-box-text\">06<\/h5><\/a>\r\n\t\t\t\t\t<\/div>\r\n\t\t\t\t\t<div class=\"service-box-style-3-text\">\r\n\t\t\t\t\t\t<h6 class=\"heading\"><a href=\"https:\/\/www.renatodecastro.com\/tech-missions\/\" target=\"_blank\">Explorando<\/a><\/h6>\r\n\t\t\t\t\t\t<p>Miss\u00f5es comerciais e t\u00e9cnicas desenvolvidas sob medida para imers\u00e3o em mercados internacionais.<\/p>\n\r\n\t\t\t\t\t<\/div>\r\n\t\t\t\t<\/div>[\/vc_column_inner][\/vc_row_inner][\/vc_column][\/vc_row][vc_row fullwidth=&#8221;has-fullwidth-column-no-padding&#8221;][vc_column][vc_empty_space][\/vc_column][\/vc_row]<\/p>\n","protected":false},"excerpt":{"rendered":"<p>[vc_row el_id=&#8221;intro&#8221; el_class=&#8221;intro&#8221; bg_color=&#8221;#1e1f21&#8243; padding_top=&#8221;140&#8243; padding_bottom=&#8221;140&#8243;][vc_column white=&#8221;white&#8221; width=&#8221;5\/6&#8243; animation=&#8221;fadeIn&#8221; animation_delay=&#8221;0.2&#8243; animation_duration=&#8221;0.4&#8243; animation_offset=&#8221;70%&#8221; offset=&#8221;vc_col-md-offset-2 vc_col-md-8 vc_col-sm-offset-1&#8243;][vc_custom_heading text=&#8221;Na Minha Opini\u00e3o&#8221; font_container=&#8221;tag:p|text_align:center&#8221; use_theme_fonts=&#8221;yes&#8221;][vc_custom_heading text=&#8221;&#8220;Cidades inteligentes s\u00e3o lugares onde tudo conspira para tornar sua vida melhor.&#8220;&#8221; font_container=&#8221;tag:h2|font_size:36|text_align:center&#8221; use_theme_fonts=&#8221;yes&#8221;][\/vc_column][\/vc_row][vc_row el_id=&#8221;clients&#8221; el_class=&#8221;clients&#8221; padding_top=&#8221;80&#8243; padding_bottom=&#8221;40&#8243;][vc_column][vc_custom_heading divide_line=&#8221;yes&#8221; divide_line_width=&#8221;70&#8243; divide_line_color=&#8221;#f2b043&#8243; divide_line_align=&#8221;center&#8221; text=&#8221;Meus Projetos pelo mundo&#8221; font_container=&#8221;tag:h5|text_align:center&#8221; use_theme_fonts=&#8221;yes&#8221;][\/vc_column][\/vc_row][vc_row fullwidth=&#8221;has-fullwidth-column-no-padding&#8221; act_as_table=&#8221;act_as_table&#8221; bg_color=&#8221;#f6f7f8&#8243; el_id=&#8221;feature-1&#8243; el_class=&#8221;feature-1&#8243;][vc_column css=&#8221;.vc_custom_1561470429008{padding-top: 200px [&hellip;]<\/p>\n","protected":false},"author":1,"featured_media":0,"parent":0,"menu_order":0,"comment_status":"closed","ping_status":"closed","template":"","meta":[],"_links":{"self":[{"href":"https:\/\/www.renatodecastro.com\/pt-br\/wp-json\/wp\/v2\/pages\/7546"}],"collection":[{"href":"https:\/\/www.renatodecastro.com\/pt-br\/wp-json\/wp\/v2\/pages"}],"about":[{"href":"https:\/\/www.renatodecastro.com\/pt-br\/wp-json\/wp\/v2\/types\/page"}],"author":[{"embeddable":true,"href":"https:\/\/www.renatodecastro.com\/pt-br\/wp-json\/wp\/v2\/users\/1"}],"replies":[{"embeddable":true,"href":"https:\/\/www.renatodecastro.com\/pt-br\/wp-json\/wp\/v2\/comments?post=7546"}],"version-history":[{"count":0,"href":"https:\/\/www.renatodecastro.com\/pt-br\/wp-json\/wp\/v2\/pages\/7546\/revisions"}],"wp:attachment":[{"href":"https:\/\/www.renatodecastro.com\/pt-br\/wp-json\/wp\/v2\/media?parent=7546"}],"curies":[{"name":"wp","href":"https:\/\/api.w.org\/{rel}","templated":true}]}}