{"id":7502,"date":"2019-07-07T19:24:08","date_gmt":"2019-07-07T19:24:08","guid":{"rendered":"https:\/\/www.renatodecastro.com\/?page_id=7502"},"modified":"2021-08-17T10:00:03","modified_gmt":"2021-08-17T08:00:03","slug":"home","status":"publish","type":"page","link":"https:\/\/www.renatodecastro.com\/it\/","title":{"rendered":"Home"},"content":{"rendered":"<p>[vc_row el_id=&#8221;intro&#8221; el_class=&#8221;intro&#8221; bg_color=&#8221;#1e1f21&#8243; padding_top=&#8221;140&#8243; padding_bottom=&#8221;140&#8243;][vc_column white=&#8221;white&#8221; width=&#8221;5\/6&#8243; animation=&#8221;fadeIn&#8221; animation_delay=&#8221;0.2&#8243; animation_duration=&#8221;0.4&#8243; animation_offset=&#8221;70%&#8221; offset=&#8221;vc_col-md-offset-2 vc_col-md-8 vc_col-sm-offset-1&#8243;][vc_custom_heading text=&#8221;Ci\u00f2 in cui credo&#8221; font_container=&#8221;tag:p|text_align:center&#8221; use_theme_fonts=&#8221;yes&#8221;][vc_custom_heading text=&#8221;&#8220;Le smart city sono i luoghi in cui tutto mira a migliorarti la vita.&#8220;&#8221; font_container=&#8221;tag:h2|font_size:36|text_align:center&#8221; use_theme_fonts=&#8221;yes&#8221;]<div class=\" text-center page-scroll\"><a class=\"btn btn-alt btn-white \" target=\"_blank\" href=\"https:\/\/www.renatodecastro.com\/it\/su-di-me\/\" style=\"margin-top: 40px; margin-bottom: px; margin-left: px; margin-right: px; \">Altro su di me<\/a><\/div>[\/vc_column][\/vc_row][vc_row el_id=&#8221;clients&#8221; el_class=&#8221;clients&#8221; padding_top=&#8221;80&#8243; padding_bottom=&#8221;40&#8243;][vc_column][vc_custom_heading divide_line=&#8221;yes&#8221; divide_line_width=&#8221;70&#8243; divide_line_color=&#8221;#f2b043&#8243; divide_line_align=&#8221;center&#8221; text=&#8221;I Miei Progetti Globali&#8221; font_container=&#8221;tag:h5|text_align:center&#8221; use_theme_fonts=&#8221;yes&#8221;]\r\n                  \r\n    \r\n    <div class=\"carousel-clients\" data-clients-autoplay='true' data-clients-autoplay-timeout='4000' data-clients-autoplay-hover='true' data-clients-loop='true' data-clients-pagination='true' data-client-0=\"1\" data-client-768=\"3\" data-client-992=\"4\" data-client-1200=\"6\">\r\n     \r\n\t\t\r\n\t\t\t\t\t\t\r\n\t\t\t\t\t\t\t<div id=\"post-7535\" class=\"client client-style-1\">\r\n\t\t\t\t\t\t                \t<img width=\"105\" height=\"87\" src=\"https:\/\/www.renatodecastro.com\/wp-content\/uploads\/2020\/01\/SmartUp-1.png\" class=\"attachment-full size-full\" alt=\"\" decoding=\"async\" loading=\"lazy\" \/>\t                \t\t\t\t<\/div>\r\n\t\t\t\t\t\r\n\t \r\n\t\t\r\n\t\t\t\t\t\t\r\n\t\t\t\t\t\t\t<div id=\"post-7534\" class=\"client client-style-1\">\r\n\t\t\t\t\t\t                \t<img width=\"105\" height=\"86\" src=\"https:\/\/www.renatodecastro.com\/wp-content\/uploads\/2020\/01\/Uol.png\" class=\"attachment-full size-full\" alt=\"\" decoding=\"async\" loading=\"lazy\" \/>\t                \t\t\t\t<\/div>\r\n\t\t\t\t\t\r\n\t \r\n\t\t\r\n\t\t\t\t\t\t\r\n\t\t\t\t\t\t\t<div id=\"post-7533\" class=\"client client-style-1\">\r\n\t\t\t\t\t\t                \t<img width=\"105\" height=\"87\" src=\"https:\/\/www.renatodecastro.com\/wp-content\/uploads\/2020\/01\/Mega-1-1.png\" class=\"attachment-full size-full\" alt=\"\" decoding=\"async\" loading=\"lazy\" \/>\t                \t\t\t\t<\/div>\r\n\t\t\t\t\t\r\n\t \r\n\t\t\r\n\t\t\t\t\t\t\r\n\t\t\t\t\t\t\t<div id=\"post-7532\" class=\"client client-style-1\">\r\n\t\t\t\t\t\t                \t<img width=\"105\" height=\"87\" src=\"https:\/\/www.renatodecastro.com\/wp-content\/uploads\/2020\/01\/FIWARE.png\" class=\"attachment-full size-full\" alt=\"\" decoding=\"async\" loading=\"lazy\" \/>\t                \t\t\t\t<\/div>\r\n\t\t\t\t\t\r\n\t \r\n\t\t\r\n\t\t\t\t\t\t\r\n\t\t\t\t\t\t\t<div id=\"post-7531\" class=\"client client-style-1\">\r\n\t\t\t\t\t\t                \t<img width=\"105\" height=\"87\" src=\"https:\/\/www.renatodecastro.com\/wp-content\/uploads\/2020\/01\/SmartCat.png\" class=\"attachment-full size-full\" alt=\"\" decoding=\"async\" loading=\"lazy\" \/>\t                \t\t\t\t<\/div>\r\n\t\t\t\t\t\r\n\t \r\n\t\t\r\n\t\t\t\t\t\t\r\n\t\t\t\t\t\t\t<div id=\"post-7530\" class=\"client client-style-1\">\r\n\t\t\t\t\t\t                \t<img width=\"105\" height=\"87\" src=\"https:\/\/www.renatodecastro.com\/wp-content\/uploads\/2020\/01\/IOT.png\" class=\"attachment-full size-full\" alt=\"\" decoding=\"async\" loading=\"lazy\" \/>\t                \t\t\t\t<\/div>\r\n\t\t\t\t\t\r\n\t \r\n\t\t\r\n\t\t\t\t\t\t\r\n\t\t\t\t\t\t\t<div id=\"post-7529\" class=\"client client-style-1\">\r\n\t\t\t\t\t\t                \t<img width=\"105\" height=\"87\" src=\"https:\/\/www.renatodecastro.com\/wp-content\/uploads\/2020\/01\/WSCO.jpg\" class=\"attachment-full size-full\" alt=\"\" decoding=\"async\" loading=\"lazy\" \/>\t                \t\t\t\t<\/div>\r\n\t\t\t\t\t\r\n\t \r\n\t\t\r\n\t\t\t\t\t\t\r\n\t\t\t\t\t\t\t<div id=\"post-7528\" class=\"client client-style-1\">\r\n\t\t\t\t\t\t                \t<img width=\"105\" height=\"87\" src=\"https:\/\/www.renatodecastro.com\/wp-content\/uploads\/2020\/01\/TMforum-1.png\" class=\"attachment-full size-full\" alt=\"\" decoding=\"async\" loading=\"lazy\" \/>\t                \t\t\t\t<\/div>\r\n\t\t\t\t\t\r\n\t \r\n\t\t\r\n\t\t\t\t\t\t\r\n\t\t\t\t\t\t\t<div id=\"post-6109\" class=\"client client-style-1\">\r\n\t\t\t\t\t\t                \t<img width=\"105\" height=\"87\" src=\"https:\/\/www.renatodecastro.com\/wp-content\/uploads\/2020\/01\/Ai4good.png\" class=\"attachment-full size-full\" alt=\"\" decoding=\"async\" loading=\"lazy\" \/>\t                \t\t\t\t<\/div>\r\n\t\t\t\t\t\r\n\t \r\n\t\t\r\n\t\t\t\t\t\t\r\n\t\t\t\t\t\t\t<div id=\"post-112\" class=\"client client-style-1\">\r\n\t\t\t\t\t         \r\n\t                \t<a href=\"#\"><img width=\"105\" height=\"87\" src=\"https:\/\/www.renatodecastro.com\/wp-content\/uploads\/2020\/01\/WE4CITY.png\" class=\"attachment-full size-full\" alt=\"\" decoding=\"async\" loading=\"lazy\" \/><\/a>\r\n\t                \t\t\t\t<\/div>\r\n\t\t\t\t\t\r\n\t \r\n\t\t\r\n\t\t\t\t\t\t\r\n\t\t\t\t\t\t\t<div id=\"post-111\" class=\"client client-style-1\">\r\n\t\t\t\t\t         \r\n\t                \t<a href=\"#\"><img width=\"105\" height=\"87\" src=\"https:\/\/www.renatodecastro.com\/wp-content\/uploads\/2020\/01\/COR-1.png\" class=\"attachment-full size-full\" alt=\"\" decoding=\"async\" loading=\"lazy\" \/><\/a>\r\n\t                \t\t\t\t<\/div>\r\n\t\t\t\t\t\r\n\t \r\n\t\t\r\n\t\t\t\t\t\t\r\n\t\t\t\t\t\t\t<div id=\"post-110\" class=\"client client-style-1\">\r\n\t\t\t\t\t         \r\n\t                \t<a href=\"#\"><img width=\"105\" height=\"87\" src=\"https:\/\/www.renatodecastro.com\/wp-content\/uploads\/2020\/01\/Spin-1.png\" class=\"attachment-full size-full\" alt=\"\" decoding=\"async\" loading=\"lazy\" \/><\/a>\r\n\t                \t\t\t\t<\/div>\r\n\t\t\t\t\t\r\n\t \r\n\t\t\r\n\t\t\t\t\t\t\r\n\t\t\t\t\t\t\t<div id=\"post-109\" class=\"client client-style-1\">\r\n\t\t\t\t\t         \r\n\t                \t<a href=\"#\"><img width=\"105\" height=\"87\" src=\"https:\/\/www.renatodecastro.com\/wp-content\/uploads\/2020\/01\/Knect-1.png\" class=\"attachment-full size-full\" alt=\"\" decoding=\"async\" loading=\"lazy\" \/><\/a>\r\n\t                \t\t\t\t<\/div>\r\n\t\t\t\t\t\r\n\t \r\n\t\t\r\n\t\t\t\t\t\t\r\n\t\t\t\t\t\t\t<div id=\"post-108\" class=\"client client-style-1\">\r\n\t\t\t\t\t         \r\n\t                \t<a href=\"#\"><img width=\"105\" height=\"87\" src=\"https:\/\/www.renatodecastro.com\/wp-content\/uploads\/2020\/01\/Leading-Cities-1.png\" class=\"attachment-full size-full\" alt=\"\" decoding=\"async\" loading=\"lazy\" \/><\/a>\r\n\t                \t\t\t\t<\/div>\r\n\t\t\t\t\t\r\n\t \r\n\t\t\r\n\t\t\t\t\t\t\r\n\t\t\t\t\t\t\t<div id=\"post-107\" class=\"client client-style-1\">\r\n\t\t\t\t\t         \r\n\t                \t<a href=\"#\"><img width=\"105\" height=\"87\" src=\"https:\/\/www.renatodecastro.com\/wp-content\/uploads\/2020\/01\/Rede.png\" class=\"attachment-full size-full\" alt=\"\" decoding=\"async\" loading=\"lazy\" \/><\/a>\r\n\t                \t\t\t\t<\/div>\r\n\t\t\t\t\t\r\n\t\t\r\n\t<\/div>\r\n\t   \r\n[\/vc_column][\/vc_row][vc_row fullwidth=&#8221;has-fullwidth-column-no-padding&#8221; act_as_table=&#8221;act_as_table&#8221; bg_color=&#8221;#f6f7f8&#8243; el_id=&#8221;feature-1&#8243; el_class=&#8221;feature-1&#8243;][vc_column css=&#8221;.vc_custom_1561470429008{padding-top: 200px !important;padding-bottom: 200px !important;background-image: url(https:\/\/www.renatodecastro.com\/wp-content\/uploads\/2019\/06\/RDC-Ciclovia-BCN.jpg?id=4352) !important;background-position: center !important;background-repeat: no-repeat !important;background-size: cover !important;}&#8221; offset=&#8221;vc_col-md-6&#8243;][\/vc_column][vc_column animation=&#8221;fadeIn&#8221; animation_delay=&#8221;0.2&#8243; animation_duration=&#8221;0.4&#8243; css=&#8221;.vc_custom_1464434595745{padding-top: 8.5% !important;padding-right: 8.5% !important;padding-bottom: 8.5% !important;padding-left: 8.5% !important;}&#8221; offset=&#8221;vc_col-md-6&#8243;][vc_custom_heading text=&#8221;PI\u00d9 DI 20 ANNI DI ESPERIENZA&#8221; font_container=&#8221;tag:h6|text_align:left|color:%23999999&#8243; use_theme_fonts=&#8221;yes&#8221;][vc_custom_heading text=&#8221;Pi\u00f9 di vent&#8217;anni di esperienza come global executive in Asia, America ed Europa&#8221; font_container=&#8221;tag:h4|text_align:left&#8221; use_theme_fonts=&#8221;yes&#8221;][vc_column_text css=&#8221;.vc_custom_1629187196909{padding-top: 10px !important;}&#8221;]Renato de Castro \u00e8 Smart City Expert e l&#8217;autore di City SmartUp: una nuova era di citt\u00e0 pi\u00f9 intelligenti. Attualmente si trova nella regione del Medio Oriente, lavorando come Smart City Senior Advisor presso RMA Advisory Firm, supportando enti e sviluppatori di governi locali nelle loro strategie in infrastrutture e investimenti in Smart City. Renato ha visitato pi\u00f9 di 30 paesi negli ultimi quattro anni, tenendo conferenze su citt\u00e0 intelligenti e fornendo consulenza ai governi su progetti urbani.[\/vc_column_text]<div class=\" text-left page-scroll\"><a class=\"btn btn-alt btn-default \" target=\"_blank\" href=\"https:\/\/www.renatodecastro.com\/it\/servizi\/\" >I miei servizi<\/a><\/div>[\/vc_column][\/vc_row][vc_row fullwidth=&#8221;has-fullwidth-column-no-padding&#8221; act_as_table=&#8221;act_as_table&#8221; bg_color=&#8221;#f6f7f8&#8243; el_id=&#8221;feature-2&#8243; el_class=&#8221;feature-2&#8243;][vc_column animation=&#8221;fadeIn&#8221; animation_delay=&#8221;0.2&#8243; animation_duration=&#8221;0.4&#8243; css=&#8221;.vc_custom_1464434609999{padding-top: 8.5% !important;padding-right: 8.5% !important;padding-bottom: 8.5% !important;padding-left: 8.5% !important;}&#8221; offset=&#8221;vc_col-md-6&#8243;][vc_custom_heading text=&#8221;RELATORE PRINCIPALE&#8221; font_container=&#8221;tag:h6|text_align:left|color:%23999999&#8243; use_theme_fonts=&#8221;yes&#8221;][vc_custom_heading text=&#8221;Pi\u00f9 di 1.000.000 di km percorsi in tutto il mondo, dal 2015.&#8221; font_container=&#8221;tag:h4|text_align:left&#8221; use_theme_fonts=&#8221;yes&#8221;][vc_column_text css=&#8221;.vc_custom_1562864837687{padding-top: 10px !important;}&#8221;]Renato \u00e8 un relatore\/docente sulle strategie internazionali e di attrazione di investimenti per le smart city rinomato in tutto il mondo\u00a0ed ha partecipato a pi\u00f9 di 60 eventi globali in 30 paesi, inclusi 3 TEDx Talks.[\/vc_column_text]<div class=\" text-left page-scroll\"><a class=\"btn btn-alt btn-default \" target=\"_blank\" href=\"https:\/\/www.renatodecastro.com\/it\/intervent\/\" >Il Mio Programma<\/a><\/div>[\/vc_column][vc_column css=&#8221;.vc_custom_1561480200342{padding-top: 200px !important;padding-bottom: 200px !important;background-image: url(https:\/\/www.renatodecastro.com\/wp-content\/uploads\/2019\/06\/WTM-Renato-de-Castro-1.jpg?id=4369) !important;background-position: center !important;background-repeat: no-repeat !important;background-size: cover !important;}&#8221; offset=&#8221;vc_col-md-6&#8243;][\/vc_column][\/vc_row][vc_row fullwidth=&#8221;has-fullwidth-column-no-padding&#8221; bg_choice=&#8221;2&#8243; bg_parallax=&#8221;1&#8243; data_bottom_top=&#8221;background-position: 0px -600px&#8221; data_center=&#8221;background-position: 0px -250px&#8221; data_top_bottom=&#8221;background-position: 0px 100px;&#8221; el_id=&#8221;features-3&#8243; el_class=&#8221;features-3&#8243; bg_image=&#8221;3484&#8243;][vc_column css=&#8221;.vc_custom_1561565967652{padding-top: 3% !important;padding-right: 0px !important;padding-left: 0px !important;background-color: rgba(255,255,255,0.9) !important;*background-color: rgb(255,255,255) !important;}&#8221; offset=&#8221;vc_col-lg-offset-6 vc_col-lg-6 vc_col-md-offset-5 vc_col-md-7 vc_col-xs-12&#8243;][vc_custom_heading text=&#8221;ESPERTO DI CITT\u00c0 SMART&#8221; font_container=&#8221;tag:h6|text_align:center|color:%23999999&#8243; use_theme_fonts=&#8221;yes&#8221;][vc_custom_heading text=&#8221;Impegnato nel supporto di organizzazioni e governi per costruire citt\u00e0 migliori.&#8221; font_container=&#8221;tag:h4|text_align:center&#8221; use_theme_fonts=&#8221;yes&#8221;][vc_row_inner css=&#8221;.vc_custom_1562263483267{margin-top: 100px !important;margin-right: 0px !important;margin-bottom: 70px !important;margin-left: 0px !important;}&#8221; el_class=&#8221;hm5&#8243;][vc_column_inner width=&#8221;1\/2&#8243; offset=&#8221;vc_col-lg-5 vc_col-md-offset-1&#8243; css=&#8221;.vc_custom_1562263763303{padding-bottom: 50px !important;}&#8221;]<div class=\" service-box service-box-style-3 text-left \">\r\n\t\t\t\t\t<div class=\"service-box-style-3-icon\">\r\n\t\t\t\t\t\t<a href=\"https:\/\/www.renatodecastro.com\/services\/\" target=\"_blank\"><h5 class=\"service-box-text\">01<\/h5><\/a>\r\n\t\t\t\t\t<\/div>\r\n\t\t\t\t\t<div class=\"service-box-style-3-text\">\r\n\t\t\t\t\t\t<h6 class=\"heading\"><a href=\"https:\/\/www.renatodecastro.com\/services\/\" target=\"_blank\">Innovazione<\/a><\/h6>\r\n\t\t\t\t\t\t<p>Ha sviluppato, esplorato e offerto consulenze sul concetto di &#8220;City SmartUp&#8221; per pi\u00f9 di cinque anni<\/p>\n\r\n\t\t\t\t\t<\/div>\r\n\t\t\t\t<\/div>[\/vc_column_inner][vc_column_inner width=&#8221;1\/2&#8243; css=&#8221;.vc_custom_1562263732996{padding-bottom: 50px !important;}&#8221; offset=&#8221;vc_col-md-5&#8243;]<div class=\" service-box service-box-style-3 text-left \">\r\n\t\t\t\t\t<div class=\"service-box-style-3-icon\">\r\n\t\t\t\t\t\t<a href=\"https:\/\/www.renatodecastro.com\/services\/\" target=\"_self\"><h5 class=\"service-box-text\">02<\/h5><\/a>\r\n\t\t\t\t\t<\/div>\r\n\t\t\t\t\t<div class=\"service-box-style-3-text\">\r\n\t\t\t\t\t\t<h6 class=\"heading\"><a href=\"https:\/\/www.renatodecastro.com\/services\/\" target=\"_blank\">Consulenza<\/a><\/h6>\r\n\t\t\t\t\t\t<p>Servizio di consulenza nella strutturazione di Smart City Solutions per aziende e governi<\/p>\n\r\n\t\t\t\t\t<\/div>\r\n\t\t\t\t<\/div>[\/vc_column_inner][vc_column_inner width=&#8221;1\/2&#8243; offset=&#8221;vc_col-md-offset-1 vc_col-md-5&#8243; css=&#8221;.vc_custom_1562263741784{padding-bottom: 50px !important;}&#8221;]<div class=\" service-box service-box-style-3 text-left \">\r\n\t\t\t\t\t<div class=\"service-box-style-3-icon\">\r\n\t\t\t\t\t\t<a href=\"https:\/\/www.renatodecastro.com\/my-schedule\/\" target=\"_blank\"><h5 class=\"service-box-text\">03<\/h5><\/a>\r\n\t\t\t\t\t<\/div>\r\n\t\t\t\t\t<div class=\"service-box-style-3-text\">\r\n\t\t\t\t\t\t<h6 class=\"heading\"><a href=\"https:\/\/www.renatodecastro.com\/my-schedule\/\" target=\"_blank\">Formazione<\/a><\/h6>\r\n\t\t\t\t\t\t<p>Ha insegnato per pi\u00f9 di 20 anni come professore invitato in tante universit\u00e0 in tutto il mondo<\/p>\n\r\n\t\t\t\t\t<\/div>\r\n\t\t\t\t<\/div>[\/vc_column_inner][vc_column_inner width=&#8221;1\/2&#8243; offset=&#8221;vc_col-md-5&#8243; css=&#8221;.vc_custom_1562263750351{padding-bottom: 50px !important;}&#8221;]<div class=\" service-box service-box-style-3 text-left \">\r\n\t\t\t\t\t<div class=\"service-box-style-3-icon\">\r\n\t\t\t\t\t\t<a href=\"https:\/\/www.renatodecastro.com\/my-schedule\/\" target=\"_blank\"><h5 class=\"service-box-text\">04<\/h5><\/a>\r\n\t\t\t\t\t<\/div>\r\n\t\t\t\t\t<div class=\"service-box-style-3-text\">\r\n\t\t\t\t\t\t<h6 class=\"heading\"><a href=\"https:\/\/www.renatodecastro.com\/my-schedule\/\" target=\"_blank\">Conferenze<\/a><\/h6>\r\n\t\t\t\t\t\t<p>Oratore \u00a0riconosciuto in tutto il mondo sulle Smart Cities, IoT, e AI in pi\u00f9 di 60 eventi, inclusi 3 TEDx Talks<\/p>\n\r\n\t\t\t\t\t<\/div>\r\n\t\t\t\t<\/div>[\/vc_column_inner][vc_column_inner width=&#8221;1\/2&#8243; offset=&#8221;vc_col-md-offset-1 vc_col-md-5&#8243; css=&#8221;.vc_custom_1452322479944{padding-bottom: 50px !important;}&#8221;]<div class=\" service-box service-box-style-3 text-left \">\r\n\t\t\t\t\t<div class=\"service-box-style-3-icon\">\r\n\t\t\t\t\t\t<a href=\"https:\/\/www.linkedin.com\/in\/renatodecastro\/\" target=\"_blank\"><h5 class=\"service-box-text\">05<\/h5><\/a>\r\n\t\t\t\t\t<\/div>\r\n\t\t\t\t\t<div class=\"service-box-style-3-text\">\r\n\t\t\t\t\t\t<h6 class=\"heading\"><a href=\"https:\/\/www.linkedin.com\/in\/renatodecastro\/\" target=\"_blank\">Influenza<\/a><\/h6>\r\n\t\t\t\t\t\t<p>Pi\u00f9 di 20.000 follower su Linkedin ed editorialista\/video blogger del portale UOL Tecnologia<\/p>\n\r\n\t\t\t\t\t<\/div>\r\n\t\t\t\t<\/div>[\/vc_column_inner][vc_column_inner width=&#8221;1\/2&#8243; offset=&#8221;vc_col-md-5&#8243; css=&#8221;.vc_custom_1452322490564{padding-bottom: 50px !important;}&#8221;]<div class=\" service-box service-box-style-3 text-left \">\r\n\t\t\t\t\t<div class=\"service-box-style-3-icon\">\r\n\t\t\t\t\t\t<a href=\"https:\/\/www.renatodecastro.com\/tech-missions\/\" target=\"_blank\"><h5 class=\"service-box-text\">06<\/h5><\/a>\r\n\t\t\t\t\t<\/div>\r\n\t\t\t\t\t<div class=\"service-box-style-3-text\">\r\n\t\t\t\t\t\t<h6 class=\"heading\"><a href=\"https:\/\/www.renatodecastro.com\/tech-missions\/\" target=\"_blank\">Benchmarking<\/a><\/h6>\r\n\t\t\t\t\t\t<p>Business su misura\/missioni tecniche per un&#8217;immersione completa nel mercato internazionale.<\/p>\n\r\n\t\t\t\t\t<\/div>\r\n\t\t\t\t<\/div>[\/vc_column_inner][\/vc_row_inner][\/vc_column][\/vc_row][vc_row fullwidth=&#8221;has-fullwidth-column-no-padding&#8221;][vc_column][vc_empty_space][\/vc_column][\/vc_row]<\/p>\n","protected":false},"excerpt":{"rendered":"<p>[vc_row el_id=&#8221;intro&#8221; el_class=&#8221;intro&#8221; bg_color=&#8221;#1e1f21&#8243; padding_top=&#8221;140&#8243; padding_bottom=&#8221;140&#8243;][vc_column white=&#8221;white&#8221; width=&#8221;5\/6&#8243; animation=&#8221;fadeIn&#8221; animation_delay=&#8221;0.2&#8243; animation_duration=&#8221;0.4&#8243; animation_offset=&#8221;70%&#8221; offset=&#8221;vc_col-md-offset-2 vc_col-md-8 vc_col-sm-offset-1&#8243;][vc_custom_heading text=&#8221;Ci\u00f2 in cui credo&#8221; font_container=&#8221;tag:p|text_align:center&#8221; use_theme_fonts=&#8221;yes&#8221;][vc_custom_heading text=&#8221;&#8220;Le smart city sono i luoghi in cui tutto mira a migliorarti la vita.&#8220;&#8221; font_container=&#8221;tag:h2|font_size:36|text_align:center&#8221; use_theme_fonts=&#8221;yes&#8221;][\/vc_column][\/vc_row][vc_row el_id=&#8221;clients&#8221; el_class=&#8221;clients&#8221; padding_top=&#8221;80&#8243; padding_bottom=&#8221;40&#8243;][vc_column][vc_custom_heading divide_line=&#8221;yes&#8221; divide_line_width=&#8221;70&#8243; divide_line_color=&#8221;#f2b043&#8243; divide_line_align=&#8221;center&#8221; text=&#8221;I Miei Progetti Globali&#8221; font_container=&#8221;tag:h5|text_align:center&#8221; use_theme_fonts=&#8221;yes&#8221;][\/vc_column][\/vc_row][vc_row fullwidth=&#8221;has-fullwidth-column-no-padding&#8221; act_as_table=&#8221;act_as_table&#8221; bg_color=&#8221;#f6f7f8&#8243; el_id=&#8221;feature-1&#8243; [&hellip;]<\/p>\n","protected":false},"author":1,"featured_media":0,"parent":0,"menu_order":0,"comment_status":"closed","ping_status":"closed","template":"","meta":[],"_links":{"self":[{"href":"https:\/\/www.renatodecastro.com\/it\/wp-json\/wp\/v2\/pages\/7502"}],"collection":[{"href":"https:\/\/www.renatodecastro.com\/it\/wp-json\/wp\/v2\/pages"}],"about":[{"href":"https:\/\/www.renatodecastro.com\/it\/wp-json\/wp\/v2\/types\/page"}],"author":[{"embeddable":true,"href":"https:\/\/www.renatodecastro.com\/it\/wp-json\/wp\/v2\/users\/1"}],"replies":[{"embeddable":true,"href":"https:\/\/www.renatodecastro.com\/it\/wp-json\/wp\/v2\/comments?post=7502"}],"version-history":[{"count":0,"href":"https:\/\/www.renatodecastro.com\/it\/wp-json\/wp\/v2\/pages\/7502\/revisions"}],"wp:attachment":[{"href":"https:\/\/www.renatodecastro.com\/it\/wp-json\/wp\/v2\/media?parent=7502"}],"curies":[{"name":"wp","href":"https:\/\/api.w.org\/{rel}","templated":true}]}}