{"id":7476,"date":"2019-07-07T09:48:08","date_gmt":"2019-07-07T09:48:08","guid":{"rendered":"https:\/\/www.renatodecastro.com\/?page_id=7476"},"modified":"2021-08-17T09:55:02","modified_gmt":"2021-08-17T07:55:02","slug":"servicios","status":"publish","type":"page","link":"https:\/\/www.renatodecastro.com\/es\/servicios\/","title":{"rendered":"Mis Servicios"},"content":{"rendered":"<p>[vc_row el_id=\u00bbservices\u00bb el_class=\u00bbservices\u00bb padding_top=\u00bb120&#8243; padding_bottom=\u00bb70&#8243;][vc_column width=\u00bb5\/6&#8243; css=\u00bb.vc_custom_1448694064531{padding-bottom: 70px !important;}\u00bb offset=\u00bbvc_col-md-offset-2 vc_col-md-8 vc_col-sm-offset-1&#8243;]<div class=\" section-heading text-center ihda\"><h2 class=\"heading\" style=\"font-size:36px\">Soluciones Inteligentes para Ciudades m\u00e1s Inteligentes<\/h2><div class=\"divide-line text-center\"><span style=\"width:180px; height:1px; background-color:#f2b043\"><\/span><\/div><p class=\"additional-heading\" style=\"font-size:22px\">M\u00e1s de dos d\u00e9cadas de experiencia en planeamiento, desarrollo e implementaci\u00f3n de proyectos relacionados con Ciudades Inteligentes, IoT e IA.<\/p><\/div>[\/vc_column][vc_column width=\u00bb1\/2&#8243; css=\u00bb.vc_custom_1448693531998{padding-bottom: 50px !important;}\u00bb offset=\u00bbvc_col-md-4&#8243;]<div class=\" service-box service-box-style-3 text-left \">\r\n\t\t\t\t\t<div class=\"service-box-style-3-icon\">\r\n\t\t\t\t\t\t<a href=\"mailto:renato@renatodecastro.com\" target=\"_blank\"><span class=\" agni-icon \" style=\"color:#f2b043; \"><i class=\"ion-ios-people  \" style=\"color:#000000; \"><\/i><\/span><\/a>\r\n\t\t\t\t\t<\/div>\r\n\t\t\t\t\t<div class=\"service-box-style-3-text\">\r\n\t\t\t\t\t\t<h6 class=\"heading\"><a href=\"mailto:renato@renatodecastro.com\" target=\"_blank\">City SmartUp\u2122<\/a><\/h6>\r\n\t\t\t\t\t\t<p>Metodolog\u00eda exclusiva para el desarrollode proyectos de Ciudades Inteligentes para gobiernos y empresas.<\/p>\n\r\n\t\t\t\t\t<\/div>\r\n\t\t\t\t<\/div>[\/vc_column][vc_column width=\u00bb1\/2&#8243; css=\u00bb.vc_custom_1448693509036{padding-bottom: 50px !important;}\u00bb offset=\u00bbvc_col-md-4&#8243;]<div class=\" service-box service-box-style-3 text-left \">\r\n\t\t\t\t\t<div class=\"service-box-style-3-icon\">\r\n\t\t\t\t\t\t<a href=\"mailto:renato@renatodecastro.com\" target=\"_blank\"><span class=\" agni-icon \" style=\"color:#f2b043; \"><i class=\"fa fa-money  \" style=\"color:#000000; \"><\/i><\/span><\/a>\r\n\t\t\t\t\t<\/div>\r\n\t\t\t\t\t<div class=\"service-box-style-3-text\">\r\n\t\t\t\t\t\t<h6 class=\"heading\"><a href=\"mailto:renato@renatodecastro.com\" target=\"_blank\">Atracci\u00f3n de Inversi\u00f3n<\/a><\/h6>\r\n\t\t\t\t\t\t<p>Apoyo completo a gobiernos para captar inversiones locales y extranjeras para proyectos de Ciudades Inteligentes, IoT e IA.<\/p>\n\r\n\t\t\t\t\t<\/div>\r\n\t\t\t\t<\/div>[\/vc_column][vc_column width=\u00bb1\/2&#8243; css=\u00bb.vc_custom_1448693514290{padding-bottom: 50px !important;}\u00bb offset=\u00bbvc_col-md-4&#8243;]<div class=\" service-box service-box-style-3 text-left \">\r\n\t\t\t\t\t<div class=\"service-box-style-3-icon\">\r\n\t\t\t\t\t\t<a href=\"mailto:renato@renatodecastro.com\" target=\"_blank\"><span class=\" agni-icon \" style=\"color:#f2b043; \"><i class=\"pe-7f-light  \" style=\"color:#000000; \"><\/i><\/span><\/a>\r\n\t\t\t\t\t<\/div>\r\n\t\t\t\t\t<div class=\"service-box-style-3-text\">\r\n\t\t\t\t\t\t<h6 class=\"heading\"><a href=\"mailto:renato@renatodecastro.com\" target=\"_blank\">Consejo Asesor<\/a><\/h6>\r\n\t\t\t\t\t\t<p>Experiencia en el apoyo a organizaciones para la estructuraci\u00f3n y coordinaci\u00f3n de consejos asesores internacionales.<\/p>\n\r\n\t\t\t\t\t<\/div>\r\n\t\t\t\t<\/div>[\/vc_column][vc_column width=\u00bb1\/2&#8243; css=\u00bb.vc_custom_1448693520366{padding-bottom: 50px !important;}\u00bb offset=\u00bbvc_col-md-4&#8243;]<div class=\" service-box service-box-style-3 text-left \">\r\n\t\t\t\t\t<div class=\"service-box-style-3-icon\">\r\n\t\t\t\t\t\t<a href=\"mailto:renato@renatodecastro.com\" target=\"_blank\"><span class=\" agni-icon \" style=\"color:#f2b043; \"><i class=\"ion-easel  \" style=\"color:#000000; \"><\/i><\/span><\/a>\r\n\t\t\t\t\t<\/div>\r\n\t\t\t\t\t<div class=\"service-box-style-3-text\">\r\n\t\t\t\t\t\t<h6 class=\"heading\"><a href=\"mailto:renato@renatodecastro.com\" target=\"_blank\">Formaci\u00f3n Cooperativa<\/a><\/h6>\r\n\t\t\t\t\t\t<p>Formaci\u00f3n presencial y on-line para corporaciones privadas y p\u00fablicas en \u00e1reas como las Ciudades Inteligentes, Liderazgo 4.0, IoT e IA.<\/p>\n\r\n\t\t\t\t\t<\/div>\r\n\t\t\t\t<\/div>[\/vc_column][vc_column width=\u00bb1\/2&#8243; css=\u00bb.vc_custom_1448693527272{padding-bottom: 50px !important;}\u00bb offset=\u00bbvc_col-md-4&#8243;]<div class=\" service-box service-box-style-3 text-left \">\r\n\t\t\t\t\t<div class=\"service-box-style-3-icon\">\r\n\t\t\t\t\t\t<a href=\"mailto:renato@renatodecastro.com\" target=\"_blank\"><span class=\" agni-icon \" style=\"color:#f2b043; \"><i class=\"ion-android-globe  \" style=\"color:#000000; \"><\/i><\/span><\/a>\r\n\t\t\t\t\t<\/div>\r\n\t\t\t\t\t<div class=\"service-box-style-3-text\">\r\n\t\t\t\t\t\t<h6 class=\"heading\"><a href=\"mailto:renato@renatodecastro.com\" target=\"_blank\">Estrategias de Internacionalizaci\u00f3n<\/a><\/h6>\r\n\t\t\t\t\t\t<p>Apoyo a las stat-ups para desarrollar e implementar sus estrategias de entrada en mercados internacionales.<\/p>\n\r\n\t\t\t\t\t<\/div>\r\n\t\t\t\t<\/div>[\/vc_column][vc_column width=\u00bb1\/2&#8243; css=\u00bb.vc_custom_1448693537263{padding-bottom: 50px !important;}\u00bb offset=\u00bbvc_col-md-4&#8243;]<div class=\" service-box service-box-style-3 text-left \">\r\n\t\t\t\t\t<div class=\"service-box-style-3-icon\">\r\n\t\t\t\t\t\t<a href=\"https:\/\/www.renatodecastro.com\/es\/misiones-empresariales\/\" target=\"_blank\"><span class=\" agni-icon \" style=\"color:#f2b043; \"><i class=\"pe-7f-plane  \" style=\"color:#000000; \"><\/i><\/span><\/a>\r\n\t\t\t\t\t<\/div>\r\n\t\t\t\t\t<div class=\"service-box-style-3-text\">\r\n\t\t\t\t\t\t<h6 class=\"heading\"><a href=\"https:\/\/www.renatodecastro.com\/es\/misiones-empresariales\/\" target=\"_blank\">Misiones Empresariales<\/a><\/h6>\r\n\t\t\t\t\t\t<p>Misiones comerciales y t\u00e9cnicas personalizadas para empresas, asociaciones y gobiernos para la inmersi\u00f3n y benchmark en todo el mundo.<\/p>\n\r\n\t\t\t\t\t<\/div>\r\n\t\t\t\t<\/div>[\/vc_column][\/vc_row][vc_row fullwidth=\u00bbhas-fullwidth-column-no-padding\u00bb el_id=\u00bbvideo\u00bb el_class=\u00bbvideo\u00bb][vc_column]<div class=\" section-video-container section-video-container-\" style=\"height:460px\">\r\n\t\t\t\t\t<a  class=\"player\" data-property=\"{videoURL:'https:\/\/youtu.be\/6pUrXOUCXBs', containment:'.section-video-container- ', showControls:false, autoPlay:true, loop:true, vol:50, mute:true, startAt:0, stopAt:30, opacity:1, addRaster:false, optimizeDisplay:true, quality:'default'}\" style=\"background-image:url(' https:\/\/www.renatodecastro.com\/wp-content\/uploads\/2015\/11\/home-15_slide-1-2-1.jpg ')\"><\/a>\r\n\t\t\t\t\t<div class=\"overlay\" style=\"opacity:0.6\"><\/div>\r\n\t\t\t\t\t<div class=\"section-video-controls\">\r\n\t\t\t\t\t\t<a class=\"command command-play\" href=\"#\"><\/a>\r\n\t\t\t\t\t\t<a class=\"command command-pause\" href=\"#\"><\/a>\r\n\t\t\t\t\t<\/div>\r\n\t\t\t\t<\/div>[\/vc_column][\/vc_row][vc_row el_id=\u00bbsubscribe\u00bb el_class=\u00bbsubscribe\u00bb padding_top=\u00bb110&#8243; padding_bottom=\u00bb70&#8243;][vc_column width=\u00bb1\/2&#8243; offset=\u00bbvc_col-md-offset-1 vc_col-md-5&#8243; css=\u00bb.vc_custom_1449070387163{padding-bottom: 40px !important;}\u00bb][vc_custom_heading text=\u00bbMantente en Contacto Conmigo\u00bb font_container=\u00bbtag:h4|text_align:left\u00bb use_theme_fonts=\u00bbyes\u00bb css=\u00bb.vc_custom_1562492835504{margin-top: 0px !important;margin-bottom: 0px !important;}\u00bb][vc_custom_heading text=\u00bbEnv\u00edame un correo electr\u00f3nico con tus ideas y entrar\u00e9 en contacto para programar una reuni\u00f3n y hablar sobre tu proyecto.\u00bb font_container=\u00bbtag:div|font_size:18|text_align:left\u00bb google_fonts=\u00bbfont_family:Lato%3A100%2C100italic%2C300%2C300italic%2Cregular%2Citalic%2C700%2C700italic%2C900%2C900italic|font_style:300%20light%20regular%3A300%3Anormal\u00bb css=\u00bb.vc_custom_1562492846216{margin-top: 0px !important;margin-bottom: 0px !important;}\u00bb][vc_empty_space][vc_column_text]Correo electr\u00f3nico: <a href=\"mailto:renato@renatodecastro.com\">info@renatodecastro.com<\/a><\/p>\n<p>Whatsapp: +971561288969[\/vc_column_text][\/vc_column][vc_column width=\u00bb1\/2&#8243; offset=\u00bbvc_col-md-5&#8243; css=\u00bb.vc_custom_1449070393317{padding-bottom: 40px !important;}\u00bb][contact-form-7 404 \"No encontrado\"][\/vc_column][\/vc_row]<\/p>\n","protected":false},"excerpt":{"rendered":"<p>[vc_row el_id=\u00bbservices\u00bb el_class=\u00bbservices\u00bb padding_top=\u00bb120&#8243; padding_bottom=\u00bb70&#8243;][vc_column width=\u00bb5\/6&#8243; css=\u00bb.vc_custom_1448694064531{padding-bottom: 70px !important;}\u00bb offset=\u00bbvc_col-md-offset-2 vc_col-md-8 vc_col-sm-offset-1&#8243;][\/vc_column][vc_column width=\u00bb1\/2&#8243; css=\u00bb.vc_custom_1448693531998{padding-bottom: 50px !important;}\u00bb offset=\u00bbvc_col-md-4&#8243;][\/vc_column][vc_column width=\u00bb1\/2&#8243; css=\u00bb.vc_custom_1448693509036{padding-bottom: 50px !important;}\u00bb offset=\u00bbvc_col-md-4&#8243;][\/vc_column][vc_column width=\u00bb1\/2&#8243; css=\u00bb.vc_custom_1448693514290{padding-bottom: 50px !important;}\u00bb offset=\u00bbvc_col-md-4&#8243;][\/vc_column][vc_column width=\u00bb1\/2&#8243; css=\u00bb.vc_custom_1448693520366{padding-bottom: 50px !important;}\u00bb offset=\u00bbvc_col-md-4&#8243;][\/vc_column][vc_column width=\u00bb1\/2&#8243; css=\u00bb.vc_custom_1448693527272{padding-bottom: 50px !important;}\u00bb offset=\u00bbvc_col-md-4&#8243;][\/vc_column][vc_column width=\u00bb1\/2&#8243; css=\u00bb.vc_custom_1448693537263{padding-bottom: 50px !important;}\u00bb offset=\u00bbvc_col-md-4&#8243;][\/vc_column][\/vc_row][vc_row fullwidth=\u00bbhas-fullwidth-column-no-padding\u00bb el_id=\u00bbvideo\u00bb el_class=\u00bbvideo\u00bb][vc_column][\/vc_column][\/vc_row][vc_row el_id=\u00bbsubscribe\u00bb el_class=\u00bbsubscribe\u00bb padding_top=\u00bb110&#8243; padding_bottom=\u00bb70&#8243;][vc_column width=\u00bb1\/2&#8243; offset=\u00bbvc_col-md-offset-1 vc_col-md-5&#8243; css=\u00bb.vc_custom_1449070387163{padding-bottom: 40px !important;}\u00bb][vc_custom_heading [&hellip;]<\/p>\n","protected":false},"author":1,"featured_media":0,"parent":0,"menu_order":0,"comment_status":"closed","ping_status":"closed","template":"","meta":[],"_links":{"self":[{"href":"https:\/\/www.renatodecastro.com\/es\/wp-json\/wp\/v2\/pages\/7476"}],"collection":[{"href":"https:\/\/www.renatodecastro.com\/es\/wp-json\/wp\/v2\/pages"}],"about":[{"href":"https:\/\/www.renatodecastro.com\/es\/wp-json\/wp\/v2\/types\/page"}],"author":[{"embeddable":true,"href":"https:\/\/www.renatodecastro.com\/es\/wp-json\/wp\/v2\/users\/1"}],"replies":[{"embeddable":true,"href":"https:\/\/www.renatodecastro.com\/es\/wp-json\/wp\/v2\/comments?post=7476"}],"version-history":[{"count":0,"href":"https:\/\/www.renatodecastro.com\/es\/wp-json\/wp\/v2\/pages\/7476\/revisions"}],"wp:attachment":[{"href":"https:\/\/www.renatodecastro.com\/es\/wp-json\/wp\/v2\/media?parent=7476"}],"curies":[{"name":"wp","href":"https:\/\/api.w.org\/{rel}","templated":true}]}}