{"id":7472,"date":"2019-07-07T07:22:46","date_gmt":"2019-07-07T07:22:46","guid":{"rendered":"https:\/\/www.renatodecastro.com\/?page_id=7472"},"modified":"2021-09-16T20:55:54","modified_gmt":"2021-09-16T18:55:54","slug":"sobre-mi","status":"publish","type":"page","link":"https:\/\/www.renatodecastro.com\/es\/sobre-mi\/","title":{"rendered":"SOBRE M\u00cd"},"content":{"rendered":"<p>[vc_row bg_choice=\u00bb2&#8243; el_id=\u00bbintro\u00bb el_class=\u00bbintro\u00bb padding_top=\u00bb120&#8243; padding_bottom=\u00bb120&#8243; bg_image=\u00bb5602&#8243;][vc_column align=\u00bbcenter\u00bb offset=\u00bbvc_col-lg-offset-3 vc_col-lg-6 vc_col-md-offset-3 vc_col-md-6 vc_col-sm-offset-2 vc_col-xs-offset-1 vc_col-xs-10&#8243; css=\u00bb.vc_custom_1448646765665{padding-top: 5% !important;padding-right: 5% !important;padding-bottom: 5% !important;padding-left: 5% !important;background-color: #f6f7f8 !important;}\u00bb][vc_row_inner css=\u00bb.vc_custom_1448646138823{margin-bottom: 20px !important;}\u00bb][vc_column_inner width=\u00bb1\/2&#8243; offset=\u00bbvc_col-md-offset-3 vc_col-md-6 vc_col-sm-offset-4 vc_col-xs-offset-3 vc_col-xs-6&#8243;]<div class=\" agni-image custom-image-container text-center\"><div class=\"wpb_wrapper\"><a href=\"https:\/\/www.renatodecastro.com\/wp-content\/uploads\/2021\/08\/AVIS5831ac.jpg\" class=\"custom-image\" target=\"\"><img style=\"border-radius: 50%; \" width=\"1024\" height=\"1001\" src=\"https:\/\/www.renatodecastro.com\/wp-content\/uploads\/2021\/08\/AVIS5831ac.jpg\" class=\"fullwidth-image attachment-full  attachment-full\" alt=\"\" decoding=\"async\" loading=\"lazy\" title=\"AVIS5831ac\" srcset=\"https:\/\/www.renatodecastro.com\/wp-content\/uploads\/2021\/08\/AVIS5831ac.jpg 1024w, https:\/\/www.renatodecastro.com\/wp-content\/uploads\/2021\/08\/AVIS5831ac-300x293.jpg 300w, https:\/\/www.renatodecastro.com\/wp-content\/uploads\/2021\/08\/AVIS5831ac-768x751.jpg 768w, https:\/\/www.renatodecastro.com\/wp-content\/uploads\/2021\/08\/AVIS5831ac-640x626.jpg 640w\" sizes=\"(max-width: 1024px) 100vw, 1024px\" \/><\/a><\/div><\/div>[\/vc_column_inner][\/vc_row_inner][vc_row_inner css=\u00bb.vc_custom_1448646033016{margin-bottom: 10px !important;}\u00bb][vc_column_inner]<div class=\" section-heading text-center dhai\"><div class=\"divide-line text-center\"><span style=\"width:60px; height:1px; background-color:#e2c534\"><\/span><\/div><h2 class=\"heading\" style=\"font-size:30px\">Renato de Castro<\/h2><p class=\"additional-heading\" style=\"font-size:18px\">Experto en Ciudades Inteligentes | Conferenciante | Viajero Internacional<\/p><\/div>[\/vc_column_inner][\/vc_row_inner][vc_column_text]Renato de Castro es Smart City Expert y autor de City SmartUp: una nueva era de ciudades m\u00e1s inteligentes. Actualmente se encuentra ubicado en la regi\u00f3n de Medio Oriente, trabajando como Asesor Senior de Smart City en RMA Advisory Firm, apoyando a entidades de gobiernos y desarrolladores urbanos locales en sus estrategias en infraestructura e inversiones en Smart City.[\/vc_column_text][vc_column_text]Renato es fluente en 4 idiomas y est\u00e1 realizando un Doctorado en Derecho Global en la Universidad Aut\u00f3noma de Barcelona (UAB). Ha visitado m\u00e1s de 30 pa\u00edses, realizando conferencias sobre ciudades inteligentes y asesorando a gobiernos en proyectos de desarrollo urbano.[\/vc_column_text][\/vc_column][\/vc_row][vc_row el_id=\u00bbtestimonials\u00bb el_class=\u00bbtestimonials\u00bb margin_top=\u00bb120&#8243; margin_bottom=\u00bb120&#8243;][vc_column white=\u00bbwhite\u00bb width=\u00bb1\/2&#8243; css=\u00bb.vc_custom_1561557245557{padding-top: 70px !important;padding-right: 5.2% !important;padding-bottom: 70px !important;padding-left: 5.2% !important;background-image: url(https:\/\/www.renatodecastro.com\/wp-content\/uploads\/2016\/01\/home_slide-3.jpg?id=3393) !important;}\u00bb]\r\n\r\n\r\n<div class=\" carousel-testimonials \" data-testimonial-autoplay='true' data-testimonial-autoplay-timeout='4000' data-testimonial-autoplay-speed='700' data-testimonial-autoplay-hover='true' data-testimonial-loop='true' data-testimonial-pagination='true' data-test-0=\"1\" data-test-768=\"1\" data-test-992=\"1\" data-test-1200=\"1\">\r\n\r\n\r\n\t    \r\n            \r\n                            <div id=\"post-123\" class=\"testimonial-content text-left \">\t\t\r\n                    <div class=\"testimonial-avatar\">\r\n                        <img width=\"150\" height=\"150\" src=\"https:\/\/www.renatodecastro.com\/wp-content\/uploads\/2019\/06\/Sunil-1-150x150.jpeg\" class=\"img-circle attachment-thumbnail\" alt=\"\" decoding=\"async\" loading=\"lazy\" srcset=\"https:\/\/www.renatodecastro.com\/wp-content\/uploads\/2019\/06\/Sunil-1-150x150.jpeg 150w, https:\/\/www.renatodecastro.com\/wp-content\/uploads\/2019\/06\/Sunil-1-300x300.jpeg 300w, https:\/\/www.renatodecastro.com\/wp-content\/uploads\/2019\/06\/Sunil-1-100x100.jpeg 100w, https:\/\/www.renatodecastro.com\/wp-content\/uploads\/2019\/06\/Sunil-1.jpeg 373w\" sizes=\"(max-width: 150px) 100vw, 150px\" \/>                    \r\n                    <\/div>\r\n                    <p class=\"testimonial-quote-text additional-heading\">A great learning for everyone present. He nicely touched upon various issues, challenges and possible solutions to them related to Smart Cities with live cases of different countries. Overall a great show and must for everyone to listen at least ones. Overall a great learning experience and wonderful opportunity to meet with one of the best friends Renato de Castro! <\/p>\r\n                    <h6 class=\"testimonial-quote-cite\">Dr. Sunil Kr. Pandey<\/h6>\r\n                    <p class=\"testimonial-quote-designation\">Director I.T.S | India<\/p>                <\/div>\r\n                     \r\n            \r\n                            <div id=\"post-121\" class=\"testimonial-content text-left \">\t\t\r\n                    <div class=\"testimonial-avatar\">\r\n                        <img width=\"150\" height=\"150\" src=\"https:\/\/www.renatodecastro.com\/wp-content\/uploads\/2019\/06\/Suzin-150x150.jpeg\" class=\"img-circle attachment-thumbnail\" alt=\"\" decoding=\"async\" loading=\"lazy\" srcset=\"https:\/\/www.renatodecastro.com\/wp-content\/uploads\/2019\/06\/Suzin-150x150.jpeg 150w, https:\/\/www.renatodecastro.com\/wp-content\/uploads\/2019\/06\/Suzin-100x100.jpeg 100w\" sizes=\"(max-width: 150px) 100vw, 150px\" \/>                    \r\n                    <\/div>\r\n                    <p class=\"testimonial-quote-text additional-heading\">We at the WeGO Secretariat have had the pleasure of working with our WeGO Advisor Renato since the beginning of 2015, when the Panel of WeGO Advisors Program was launched. \r\n<\/p>\r\n                    <h6 class=\"testimonial-quote-cite\">Suzin Ahn<\/h6>\r\n                    <p class=\"testimonial-quote-designation\">Associate Director | CDP Hong Kong<\/p>                <\/div>\r\n                     \r\n            \r\n                            <div id=\"post-119\" class=\"testimonial-content text-left \">\t\t\r\n                    <div class=\"testimonial-avatar\">\r\n                        <img width=\"150\" height=\"150\" src=\"https:\/\/www.renatodecastro.com\/wp-content\/uploads\/2019\/06\/Kepler-150x150.jpeg\" class=\"img-circle attachment-thumbnail\" alt=\"\" decoding=\"async\" loading=\"lazy\" srcset=\"https:\/\/www.renatodecastro.com\/wp-content\/uploads\/2019\/06\/Kepler-150x150.jpeg 150w, https:\/\/www.renatodecastro.com\/wp-content\/uploads\/2019\/06\/Kepler-300x300.jpeg 300w, https:\/\/www.renatodecastro.com\/wp-content\/uploads\/2019\/06\/Kepler-100x100.jpeg 100w\" sizes=\"(max-width: 150px) 100vw, 150px\" \/>                    \r\n                    <\/div>\r\n                    <p class=\"testimonial-quote-text additional-heading\">Renato \u00e9 minha refer\u00eancia em cidades inteligentes. Renato tem compartilhado pelo mundo o verdadeiro conceito sobre v\u00e1rias defini\u00e7\u00f5es que existem. Recomendo muito os artigos, v\u00eddeos e palestras do Renato de Castro.<\/p>\r\n                    <h6 class=\"testimonial-quote-cite\">Joao Kepler<\/h6>\r\n                    <p class=\"testimonial-quote-designation\">Partner Bossa Nova Investments<\/p>                <\/div>\r\n                  \r\n<\/div>\r\n[\/vc_column][vc_column width=\u00bb1\/2&#8243; offset=\u00bbvc_col-md-offset-1 vc_col-md-4&#8243; css=\u00bb.vc_custom_1448681376693{padding-top: 65px !important;}\u00bb][vc_row_inner][vc_column_inner css=\u00bb.vc_custom_1448680324655{margin-bottom: 40px !important;}\u00bb]<div class=\" service-box service-box-style-2 service-icon-has-border\">\r\n\t\t\t\t\t<div class=\"service-box-style-2-icon\">\r\n\t\t\t\t\t\t<span class=\" agni-icon \" style=\"border-radius:50%; color:#555555; border-color:#555555; \"><i class=\"pe-7f-like2 icon-has-border hover-icon-has-border\" style=\"border-radius:50%; color:#e2c534; border-color:#e2c534; \"><\/i><\/span>\r\n\t\t\t\t\t<\/div>\r\n\t\t\t\t\t<div class=\"service-box-style-2-text\">\r\n\t\t\t\t\t\t<h5 class=\"heading\">+22<\/h5>\r\n\t\t\t\t\t\t<div class=\"divide-line text-left\"><span><\/span><\/div>\r\n\t\t\t\t\t\t<p>A\u00d1OS DE EXPERIENCIA PROFESIONAL<\/p>\n\r\n\t\t\t\t\t<\/div>\r\n\t\t\t\t<\/div>[\/vc_column_inner][vc_column_inner css=\u00bb.vc_custom_1448680332102{margin-bottom: 40px !important;}\u00bb]<div class=\" service-box service-box-style-2 service-icon-has-border\">\r\n\t\t\t\t\t<div class=\"service-box-style-2-icon\">\r\n\t\t\t\t\t\t<span class=\" agni-icon \" style=\"border-radius:50%; color:#555555; border-color:#555555; \"><i class=\"pe-7f-switch icon-has-border hover-icon-has-border\" style=\"border-radius:50%; color:#e2c534; border-color:#e2c534; \"><\/i><\/span>\r\n\t\t\t\t\t<\/div>\r\n\t\t\t\t\t<div class=\"service-box-style-2-text\">\r\n\t\t\t\t\t\t<h5 class=\"heading\">+50<\/h5>\r\n\t\t\t\t\t\t<div class=\"divide-line text-left\"><span><\/span><\/div>\r\n\t\t\t\t\t\t<p>PA\u00cdSES VISITADOS Y SIGUE AUMENTANDO LA LISTA<\/p>\n\r\n\t\t\t\t\t<\/div>\r\n\t\t\t\t<\/div>[\/vc_column_inner][vc_column_inner css=\u00bb.vc_custom_1448680338323{margin-bottom: 40px !important;}\u00bb]<div class=\" service-box service-box-style-2 service-icon-has-border\">\r\n\t\t\t\t\t<div class=\"service-box-style-2-icon\">\r\n\t\t\t\t\t\t<span class=\" agni-icon \" style=\"border-radius:50%; color:#555555; border-color:#555555; \"><i class=\"pe-7f-like icon-has-border hover-icon-has-border\" style=\"border-radius:50%; color:#e2c534; border-color:#e2c534; \"><\/i><\/span>\r\n\t\t\t\t\t<\/div>\r\n\t\t\t\t\t<div class=\"service-box-style-2-text\">\r\n\t\t\t\t\t\t<h5 class=\"heading\">+40<\/h5>\r\n\t\t\t\t\t\t<div class=\"divide-line text-left\"><span><\/span><\/div>\r\n\t\t\t\t\t\t<p>PROYECTOS DE CIUDADES INTELIGENTES VISITADOS DESDE 2015<\/p>\n\r\n\t\t\t\t\t<\/div>\r\n\t\t\t\t<\/div>[\/vc_column_inner][vc_column_inner]<div class=\" service-box service-box-style-2 service-icon-has-border\">\r\n\t\t\t\t\t<div class=\"service-box-style-2-icon\">\r\n\t\t\t\t\t\t<span class=\" agni-icon \" style=\"border-radius:50%; color:#000000; border-color:#000000; \"><i class=\"ion-android-create icon-has-border hover-icon-has-border\" style=\"border-radius:50%; color:#e2c534; border-color:#e2c534; \"><\/i><\/span>\r\n\t\t\t\t\t<\/div>\r\n\t\t\t\t\t<div class=\"service-box-style-2-text\">\r\n\t\t\t\t\t\t<h5 class=\"heading\">+20<\/h5>\r\n\t\t\t\t\t\t<div class=\"divide-line text-left\"><span><\/span><\/div>\r\n\t\t\t\t\t\t<p>A\u00d1OS DE DOCENCIA ACAD\u00c9MICA Y PROFESIONAL<\/p>\n\r\n\t\t\t\t\t<\/div>\r\n\t\t\t\t<\/div>[\/vc_column_inner][\/vc_row_inner][\/vc_column][\/vc_row][vc_row][vc_column]<div class=\" section-heading text-center ihda\"><i class=\"section-heading-icon ion-calendar\" style=\"font-size:36px; color:#e2c534\"><\/i><h2 class=\"heading\" style=\"font-size:42px\">Mis Pr\u00f3ximas Conferencias<\/h2><div class=\"divide-line text-center\"><span style=\"width:90px; height:1px; background-color:#e2c534\"><\/span><\/div><\/div>    \t<div class=\"wpex-timeline-list center-tl  no-more no-end show-clean show-simple wpex-infinite\" id=\"timeline-4299\" data-animations=\"fadeInUp\" data-rtl=\"\">\r\n        \t<div class=\"wpex-loading\">\r\n                <div class=\"wpex-spinner\">\r\n                    <div class=\"rect1\"><\/div>\r\n                    <div class=\"rect2\"><\/div>\r\n                    <div class=\"rect3\"><\/div>\r\n                    <div class=\"rect4\"><\/div>\r\n                    <div class=\"rect5\"><\/div>\r\n                <\/div>\r\n            <\/div>\r\n        \t        \t            <ul class=\"wpex wpex-timeline style-center\">\r\n\t\t\t\t<li class=\"filter-4299_7767  post-7767 wp-timeline type-wp-timeline status-publish has-post-thumbnail hentry wpex_category-past wpex_category-upcoming\" data-id=\"filter-4299_7767\" >\r\n\t<div class=\" scroll-effect tl-ani\">\r\n                <div class=\"wpex-timeline-label\">\r\n                            <a href=\"https:\/\/www.renatodecastro.com\/es\/timeline\/lancamento-estadual-da-temporada-sesi-robotica-fll-5\/\" title=\"Lan\u00e7amento Estadual da temporada SESI Rob\u00f3tica FLL\" class=\"il-img\">\r\n                    <img width=\"320\" height=\"220\" src=\"https:\/\/www.renatodecastro.com\/wp-content\/uploads\/2019\/10\/SESI-Rob\u00f3tica-FLL-1-320x220.jpg\" class=\"attachment-wptl-320x220 size-wptl-320x220 wp-post-image\" alt=\"\" decoding=\"async\" loading=\"lazy\" \/>                <\/a>\r\n                        <div class=\"timeline-details\">\r\n                <h2 class=\"tl-title\">\r\n                \t\r\n\t\t<span class=\"tll-date\">\r\n\t\t\tnoviembre 28, 2019\r\n\t\t<\/span>                    \t<a href=\"https:\/\/www.renatodecastro.com\/es\/timeline\/lancamento-estadual-da-temporada-sesi-robotica-fll-5\/\" title=\"Lan\u00e7amento Estadual da temporada SESI Rob\u00f3tica FLL\">Lan\u00e7amento Estadual da temporada SESI Rob\u00f3tica FLL<\/a>\r\n                                        <div class=\"wpex-timeline-icon\">\r\n                        <a href=\"https:\/\/www.renatodecastro.com\/es\/timeline\/lancamento-estadual-da-temporada-sesi-robotica-fll-5\/\" title=\"Lan\u00e7amento Estadual da temporada SESI Rob\u00f3tica FLL\"><i class=\"fa fa-square no-iconfa-square no-icon icon-img\"><\/i><\/a>\r\n                    <\/div>\r\n\r\n                <\/h2>\r\n\r\n                <div class=\"tlct-shortdes\">\r\n                    <div class=\"wptl-more-meta\"><span>Belo Horizonte \u2013 Brazil<\/span><\/div>                                        <p><\/p>\r\n                                    <\/div>\r\n                                <div class=\"wptl-readmore-center\">\r\n                    <a href=\"https:\/\/www.renatodecastro.com\/es\/timeline\/lancamento-estadual-da-temporada-sesi-robotica-fll-5\/\" title=\"Lan\u00e7amento Estadual da temporada SESI Rob\u00f3tica FLL\">\r\n                        Continue reading <i class=\"fa fa-long-arrow-right\" aria-hidden=\"true\"><\/i>\r\n                    <\/a>\r\n                <\/div>\r\n                            <\/div>\r\n        <\/div>\r\n    <\/div>\r\n    \t<style type=\"text\/css\">\r\n\t\t\t\t.wpex-timeline-list li.post-7767 .wpex-timeline-icon .fa.no-icon:before{ background:url(https:\/\/www.renatodecastro.com\/wp-content\/uploads\/2016\/08\/Brazil_flag2-150x150.png); background-repeat: no-repeat; background-size: 100% auto; background-position: center;}\r\n\t\t    <\/style>\r\n            <\/li>            <\/ul>\r\n                    <\/div>\r\n        <div class=\"exclearfix\"><\/div>\r\n\t\t[\/vc_column][\/vc_row]<\/p>\n","protected":false},"excerpt":{"rendered":"<p>[vc_row bg_choice=\u00bb2&#8243; el_id=\u00bbintro\u00bb el_class=\u00bbintro\u00bb padding_top=\u00bb120&#8243; padding_bottom=\u00bb120&#8243; bg_image=\u00bb5602&#8243;][vc_column align=\u00bbcenter\u00bb offset=\u00bbvc_col-lg-offset-3 vc_col-lg-6 vc_col-md-offset-3 vc_col-md-6 vc_col-sm-offset-2 vc_col-xs-offset-1 vc_col-xs-10&#8243; css=\u00bb.vc_custom_1448646765665{padding-top: 5% !important;padding-right: 5% !important;padding-bottom: 5% !important;padding-left: 5% !important;background-color: #f6f7f8 !important;}\u00bb][vc_row_inner css=\u00bb.vc_custom_1448646138823{margin-bottom: 20px !important;}\u00bb][vc_column_inner width=\u00bb1\/2&#8243; offset=\u00bbvc_col-md-offset-3 vc_col-md-6 vc_col-sm-offset-4 vc_col-xs-offset-3 vc_col-xs-6&#8243;][\/vc_column_inner][\/vc_row_inner][vc_row_inner css=\u00bb.vc_custom_1448646033016{margin-bottom: 10px !important;}\u00bb][vc_column_inner][\/vc_column_inner][\/vc_row_inner][vc_column_text]Renato de Castro es Smart City Expert y autor de City SmartUp: una nueva era de ciudades m\u00e1s [&hellip;]<\/p>\n","protected":false},"author":1,"featured_media":0,"parent":0,"menu_order":0,"comment_status":"closed","ping_status":"closed","template":"","meta":[],"_links":{"self":[{"href":"https:\/\/www.renatodecastro.com\/es\/wp-json\/wp\/v2\/pages\/7472"}],"collection":[{"href":"https:\/\/www.renatodecastro.com\/es\/wp-json\/wp\/v2\/pages"}],"about":[{"href":"https:\/\/www.renatodecastro.com\/es\/wp-json\/wp\/v2\/types\/page"}],"author":[{"embeddable":true,"href":"https:\/\/www.renatodecastro.com\/es\/wp-json\/wp\/v2\/users\/1"}],"replies":[{"embeddable":true,"href":"https:\/\/www.renatodecastro.com\/es\/wp-json\/wp\/v2\/comments?post=7472"}],"version-history":[{"count":0,"href":"https:\/\/www.renatodecastro.com\/es\/wp-json\/wp\/v2\/pages\/7472\/revisions"}],"wp:attachment":[{"href":"https:\/\/www.renatodecastro.com\/es\/wp-json\/wp\/v2\/media?parent=7472"}],"curies":[{"name":"wp","href":"https:\/\/api.w.org\/{rel}","templated":true}]}}