{"id":7467,"date":"2019-07-06T21:29:04","date_gmt":"2019-07-06T21:29:04","guid":{"rendered":"https:\/\/www.renatodecastro.com\/inicio\/"},"modified":"2021-08-17T09:18:09","modified_gmt":"2021-08-17T07:18:09","slug":"inicio","status":"publish","type":"page","link":"https:\/\/www.renatodecastro.com\/es\/","title":{"rendered":"INICIO"},"content":{"rendered":"<p>[vc_row el_id=\u00bbintro\u00bb el_class=\u00bbintro\u00bb bg_color=\u00bb#1e1f21&#8243; padding_top=\u00bb140&#8243; padding_bottom=\u00bb140&#8243;][vc_column white=\u00bbwhite\u00bb width=\u00bb5\/6&#8243; animation=\u00bbfadeIn\u00bb animation_delay=\u00bb0.2&#8243; animation_duration=\u00bb0.4&#8243; animation_offset=\u00bb70%\u00bb offset=\u00bbvc_col-md-offset-2 vc_col-md-8 vc_col-sm-offset-1&#8243;][vc_custom_heading text=\u00bbEn mi opini\u00f3n\u00bb font_container=\u00bbtag:p|text_align:center\u00bb use_theme_fonts=\u00bbyes\u00bb][vc_custom_heading text=\u00bb\u00abLas ciudades Inteligentes son lugares donde todo conspira para mejorar tu vida. \u00ab\u00bb font_container=\u00bbtag:h2|font_size:36|text_align:center\u00bb use_theme_fonts=\u00bbyes\u00bb]<div class=\" text-center page-scroll\"><a class=\"btn btn-alt btn-white \" target=\"_blank\" href=\"https:\/\/www.renatodecastro.com\/es\/sobre-mi\/\" style=\"margin-top: 40px; margin-bottom: px; margin-left: px; margin-right: px; \">M\u00e1s Sobre M\u00ed<\/a><\/div>[\/vc_column][\/vc_row][vc_row el_id=\u00bbclients\u00bb el_class=\u00bbclients\u00bb padding_top=\u00bb80&#8243; padding_bottom=\u00bb40&#8243;][vc_column][vc_custom_heading divide_line=\u00bbyes\u00bb divide_line_width=\u00bb70&#8243; divide_line_color=\u00bb#f2b043&#8243; divide_line_align=\u00bbcenter\u00bb text=\u00bbMis Proyectos Globales\u00bb font_container=\u00bbtag:h5|text_align:center\u00bb use_theme_fonts=\u00bbyes\u00bb]\r\n                  \r\n    \r\n    <div class=\"carousel-clients\" data-clients-autoplay='true' data-clients-autoplay-timeout='4000' data-clients-autoplay-hover='true' data-clients-loop='true' data-clients-pagination='true' data-client-0=\"1\" data-client-768=\"3\" data-client-992=\"4\" data-client-1200=\"6\">\r\n     \r\n\t\t\r\n\t\t\t\t\t\t\r\n\t\t\t\t\t\t\t<div id=\"post-7535\" class=\"client client-style-1\">\r\n\t\t\t\t\t\t                \t<img width=\"105\" height=\"87\" src=\"https:\/\/www.renatodecastro.com\/wp-content\/uploads\/2020\/01\/SmartUp-1.png\" class=\"attachment-full size-full\" alt=\"\" decoding=\"async\" loading=\"lazy\" \/>\t                \t\t\t\t<\/div>\r\n\t\t\t\t\t\r\n\t \r\n\t\t\r\n\t\t\t\t\t\t\r\n\t\t\t\t\t\t\t<div id=\"post-7534\" class=\"client client-style-1\">\r\n\t\t\t\t\t\t                \t<img width=\"105\" height=\"86\" src=\"https:\/\/www.renatodecastro.com\/wp-content\/uploads\/2020\/01\/Uol.png\" class=\"attachment-full size-full\" alt=\"\" decoding=\"async\" loading=\"lazy\" \/>\t                \t\t\t\t<\/div>\r\n\t\t\t\t\t\r\n\t \r\n\t\t\r\n\t\t\t\t\t\t\r\n\t\t\t\t\t\t\t<div id=\"post-7533\" class=\"client client-style-1\">\r\n\t\t\t\t\t\t                \t<img width=\"105\" height=\"87\" src=\"https:\/\/www.renatodecastro.com\/wp-content\/uploads\/2020\/01\/Mega-1-1.png\" class=\"attachment-full size-full\" alt=\"\" decoding=\"async\" loading=\"lazy\" \/>\t                \t\t\t\t<\/div>\r\n\t\t\t\t\t\r\n\t \r\n\t\t\r\n\t\t\t\t\t\t\r\n\t\t\t\t\t\t\t<div id=\"post-7532\" class=\"client client-style-1\">\r\n\t\t\t\t\t\t                \t<img width=\"105\" height=\"87\" src=\"https:\/\/www.renatodecastro.com\/wp-content\/uploads\/2020\/01\/FIWARE.png\" class=\"attachment-full size-full\" alt=\"\" decoding=\"async\" loading=\"lazy\" \/>\t                \t\t\t\t<\/div>\r\n\t\t\t\t\t\r\n\t \r\n\t\t\r\n\t\t\t\t\t\t\r\n\t\t\t\t\t\t\t<div id=\"post-7531\" class=\"client client-style-1\">\r\n\t\t\t\t\t\t                \t<img width=\"105\" height=\"87\" src=\"https:\/\/www.renatodecastro.com\/wp-content\/uploads\/2020\/01\/SmartCat.png\" class=\"attachment-full size-full\" alt=\"\" decoding=\"async\" loading=\"lazy\" \/>\t                \t\t\t\t<\/div>\r\n\t\t\t\t\t\r\n\t \r\n\t\t\r\n\t\t\t\t\t\t\r\n\t\t\t\t\t\t\t<div id=\"post-7530\" class=\"client client-style-1\">\r\n\t\t\t\t\t\t                \t<img width=\"105\" height=\"87\" src=\"https:\/\/www.renatodecastro.com\/wp-content\/uploads\/2020\/01\/IOT.png\" class=\"attachment-full size-full\" alt=\"\" decoding=\"async\" loading=\"lazy\" \/>\t                \t\t\t\t<\/div>\r\n\t\t\t\t\t\r\n\t \r\n\t\t\r\n\t\t\t\t\t\t\r\n\t\t\t\t\t\t\t<div id=\"post-7529\" class=\"client client-style-1\">\r\n\t\t\t\t\t\t                \t<img width=\"105\" height=\"87\" src=\"https:\/\/www.renatodecastro.com\/wp-content\/uploads\/2020\/01\/WSCO.jpg\" class=\"attachment-full size-full\" alt=\"\" decoding=\"async\" loading=\"lazy\" \/>\t                \t\t\t\t<\/div>\r\n\t\t\t\t\t\r\n\t \r\n\t\t\r\n\t\t\t\t\t\t\r\n\t\t\t\t\t\t\t<div id=\"post-7528\" class=\"client client-style-1\">\r\n\t\t\t\t\t\t                \t<img width=\"105\" height=\"87\" src=\"https:\/\/www.renatodecastro.com\/wp-content\/uploads\/2020\/01\/TMforum-1.png\" class=\"attachment-full size-full\" alt=\"\" decoding=\"async\" loading=\"lazy\" \/>\t                \t\t\t\t<\/div>\r\n\t\t\t\t\t\r\n\t \r\n\t\t\r\n\t\t\t\t\t\t\r\n\t\t\t\t\t\t\t<div id=\"post-6109\" class=\"client client-style-1\">\r\n\t\t\t\t\t\t                \t<img width=\"105\" height=\"87\" src=\"https:\/\/www.renatodecastro.com\/wp-content\/uploads\/2020\/01\/Ai4good.png\" class=\"attachment-full size-full\" alt=\"\" decoding=\"async\" loading=\"lazy\" \/>\t                \t\t\t\t<\/div>\r\n\t\t\t\t\t\r\n\t \r\n\t\t\r\n\t\t\t\t\t\t\r\n\t\t\t\t\t\t\t<div id=\"post-112\" class=\"client client-style-1\">\r\n\t\t\t\t\t         \r\n\t                \t<a href=\"#\"><img width=\"105\" height=\"87\" src=\"https:\/\/www.renatodecastro.com\/wp-content\/uploads\/2020\/01\/WE4CITY.png\" class=\"attachment-full size-full\" alt=\"\" decoding=\"async\" loading=\"lazy\" \/><\/a>\r\n\t                \t\t\t\t<\/div>\r\n\t\t\t\t\t\r\n\t \r\n\t\t\r\n\t\t\t\t\t\t\r\n\t\t\t\t\t\t\t<div id=\"post-111\" class=\"client client-style-1\">\r\n\t\t\t\t\t         \r\n\t                \t<a href=\"#\"><img width=\"105\" height=\"87\" src=\"https:\/\/www.renatodecastro.com\/wp-content\/uploads\/2020\/01\/COR-1.png\" class=\"attachment-full size-full\" alt=\"\" decoding=\"async\" loading=\"lazy\" \/><\/a>\r\n\t                \t\t\t\t<\/div>\r\n\t\t\t\t\t\r\n\t \r\n\t\t\r\n\t\t\t\t\t\t\r\n\t\t\t\t\t\t\t<div id=\"post-110\" class=\"client client-style-1\">\r\n\t\t\t\t\t         \r\n\t                \t<a href=\"#\"><img width=\"105\" height=\"87\" src=\"https:\/\/www.renatodecastro.com\/wp-content\/uploads\/2020\/01\/Spin-1.png\" class=\"attachment-full size-full\" alt=\"\" decoding=\"async\" loading=\"lazy\" \/><\/a>\r\n\t                \t\t\t\t<\/div>\r\n\t\t\t\t\t\r\n\t \r\n\t\t\r\n\t\t\t\t\t\t\r\n\t\t\t\t\t\t\t<div id=\"post-109\" class=\"client client-style-1\">\r\n\t\t\t\t\t         \r\n\t                \t<a href=\"#\"><img width=\"105\" height=\"87\" src=\"https:\/\/www.renatodecastro.com\/wp-content\/uploads\/2020\/01\/Knect-1.png\" class=\"attachment-full size-full\" alt=\"\" decoding=\"async\" loading=\"lazy\" \/><\/a>\r\n\t                \t\t\t\t<\/div>\r\n\t\t\t\t\t\r\n\t \r\n\t\t\r\n\t\t\t\t\t\t\r\n\t\t\t\t\t\t\t<div id=\"post-108\" class=\"client client-style-1\">\r\n\t\t\t\t\t         \r\n\t                \t<a href=\"#\"><img width=\"105\" height=\"87\" src=\"https:\/\/www.renatodecastro.com\/wp-content\/uploads\/2020\/01\/Leading-Cities-1.png\" class=\"attachment-full size-full\" alt=\"\" decoding=\"async\" loading=\"lazy\" \/><\/a>\r\n\t                \t\t\t\t<\/div>\r\n\t\t\t\t\t\r\n\t \r\n\t\t\r\n\t\t\t\t\t\t\r\n\t\t\t\t\t\t\t<div id=\"post-107\" class=\"client client-style-1\">\r\n\t\t\t\t\t         \r\n\t                \t<a href=\"#\"><img width=\"105\" height=\"87\" src=\"https:\/\/www.renatodecastro.com\/wp-content\/uploads\/2020\/01\/Rede.png\" class=\"attachment-full size-full\" alt=\"\" decoding=\"async\" loading=\"lazy\" \/><\/a>\r\n\t                \t\t\t\t<\/div>\r\n\t\t\t\t\t\r\n\t\t\r\n\t<\/div>\r\n\t   \r\n[\/vc_column][\/vc_row][vc_row fullwidth=\u00bbhas-fullwidth-column-no-padding\u00bb act_as_table=\u00bbact_as_table\u00bb bg_color=\u00bb#f6f7f8&#8243; el_id=\u00bbfeature-1&#8243; el_class=\u00bbfeature-1&#8243;][vc_column css=\u00bb.vc_custom_1561470429008{padding-top: 200px !important;padding-bottom: 200px !important;background-image: url(https:\/\/www.renatodecastro.com\/wp-content\/uploads\/2019\/06\/RDC-Ciclovia-BCN.jpg?id=4352) !important;background-position: center !important;background-repeat: no-repeat !important;background-size: cover !important;}\u00bb offset=\u00bbvc_col-md-6&#8243;][\/vc_column][vc_column animation=\u00bbfadeIn\u00bb animation_delay=\u00bb0.2&#8243; animation_duration=\u00bb0.4&#8243; css=\u00bb.vc_custom_1464434595745{padding-top: 8.5% !important;padding-right: 8.5% !important;padding-bottom: 8.5% !important;padding-left: 8.5% !important;}\u00bb offset=\u00bbvc_col-md-6&#8243;][vc_custom_heading text=\u00bb20+ A\u00d1OS DE EXPERIENCIA\u00bb font_container=\u00bbtag:h6|text_align:left|color:%23999999&#8243; use_theme_fonts=\u00bbyes\u00bb][vc_custom_heading text=\u00bbM\u00e1s de dos d\u00e9cadas de experiencia como ejecutivo internacional en Asia, Am\u00e9rica y Europa.\u00bb font_container=\u00bbtag:h4|text_align:left\u00bb use_theme_fonts=\u00bbyes\u00bb][vc_column_text css=\u00bb.vc_custom_1629184683565{padding-top: 10px !important;}\u00bb]<\/p>\n<div class=\"wpb_text_column wpb_content_element \">\n<div class=\"wpb_wrapper\">\n<p>Renato de Castro es un experto en ciudades inteligentes y autor de City SmartUp: una nueva era de ciudades m\u00e1s inteligentes. Actualmente se encuentra ubicado en la regi\u00f3n de Medio Oriente, trabajando como Asesor Senior de Smart City en RMA Advisory Firm, apoyando a entidades y desarrolladores de gobiernos locales en sus estrategias en infraestructura e inversiones en Smart City. Renato ha visitado m\u00e1s de 30 pa\u00edses en los \u00faltimos cuatro a\u00f1os, dando conferencias sobre ciudades inteligentes y asesorando a gobiernos sobre proyectos urbanos.<\/p>\n<\/div>\n<\/div>\n<p>[\/vc_column_text]<div class=\" text-left page-scroll\"><a class=\"btn btn-alt btn-default \" target=\"_blank\" href=\"https:\/\/www.renatodecastro.com\/es\/servicios\/\" >Mis Servicios<\/a><\/div>[\/vc_column][\/vc_row][vc_row fullwidth=\u00bbhas-fullwidth-column-no-padding\u00bb act_as_table=\u00bbact_as_table\u00bb bg_color=\u00bb#f6f7f8&#8243; el_id=\u00bbfeature-2&#8243; el_class=\u00bbfeature-2&#8243;][vc_column animation=\u00bbfadeIn\u00bb animation_delay=\u00bb0.2&#8243; animation_duration=\u00bb0.4&#8243; css=\u00bb.vc_custom_1464434609999{padding-top: 8.5% !important;padding-right: 8.5% !important;padding-bottom: 8.5% !important;padding-left: 8.5% !important;}\u00bb offset=\u00bbvc_col-md-6&#8243;][vc_custom_heading text=\u00bbCONFERENCIANTE\u00bb font_container=\u00bbtag:h6|text_align:left|color:%23999999&#8243; use_theme_fonts=\u00bbyes\u00bb][vc_custom_heading text=\u00bbHa viajado m\u00e1s de 1.000.000 km por todo el mundo desde 2015.\u00bb font_container=\u00bbtag:h4|text_align:left\u00bb use_theme_fonts=\u00bbyes\u00bb][vc_column_text css=\u00bb.vc_custom_1562482194732{padding-top: 10px !important;}\u00bb]Renato es un profesor y conferenciante de renombre mundial en estrategias de internacionalizaci\u00f3n y captaci\u00f3n de inversiones para ciudades inteligentes. Ha participado en m\u00e1s de 60 eventos internacionales en 30 pa\u00edses, incluyendo 3 TEDx Talks.[\/vc_column_text]<div class=\" text-left page-scroll\"><a class=\"btn btn-alt btn-default \" target=\"_blank\" href=\"https:\/\/www.renatodecastro.com\/es\/conferencias\/\" >Mi Agenda<\/a><\/div>[\/vc_column][vc_column css=\u00bb.vc_custom_1561480200342{padding-top: 200px !important;padding-bottom: 200px !important;background-image: url(https:\/\/www.renatodecastro.com\/wp-content\/uploads\/2019\/06\/WTM-Renato-de-Castro-1.jpg?id=4369) !important;background-position: center !important;background-repeat: no-repeat !important;background-size: cover !important;}\u00bb offset=\u00bbvc_col-md-6&#8243;][\/vc_column][\/vc_row][vc_row fullwidth=\u00bbhas-fullwidth-column-no-padding\u00bb bg_choice=\u00bb2&#8243; bg_parallax=\u00bb1&#8243; data_bottom_top=\u00bbbackground-position: 0px -600px\u00bb data_center=\u00bbbackground-position: 0px -250px\u00bb data_top_bottom=\u00bbbackground-position: 0px 100px;\u00bb el_id=\u00bbfeatures-3&#8243; el_class=\u00bbfeatures-3&#8243; bg_image=\u00bb3484&#8243;][vc_column css=\u00bb.vc_custom_1561565967652{padding-top: 3% !important;padding-right: 0px !important;padding-left: 0px !important;background-color: rgba(255,255,255,0.9) !important;*background-color: rgb(255,255,255) !important;}\u00bb offset=\u00bbvc_col-lg-offset-6 vc_col-lg-6 vc_col-md-offset-5 vc_col-md-7 vc_col-xs-12&#8243;][vc_custom_heading text=\u00bbEXPERTO EN CIUDADES INTELIGENTES\u00bb font_container=\u00bbtag:h6|text_align:center|color:%23999999&#8243; use_theme_fonts=\u00bbyes\u00bb][vc_custom_heading text=\u00bbTotalmente comprometido en la construcci\u00f3n de ciudades mejores y m\u00e1s inteligentes.\u00bb font_container=\u00bbtag:h4|text_align:center\u00bb use_theme_fonts=\u00bbyes\u00bb][vc_row_inner css=\u00bb.vc_custom_1562263483267{margin-top: 100px !important;margin-right: 0px !important;margin-bottom: 70px !important;margin-left: 0px !important;}\u00bb el_class=\u00bbhm5&#8243;][vc_column_inner width=\u00bb1\/2&#8243; offset=\u00bbvc_col-lg-5 vc_col-md-offset-1&#8243; css=\u00bb.vc_custom_1562263763303{padding-bottom: 50px !important;}\u00bb]<div class=\" service-box service-box-style-3 text-left \">\r\n\t\t\t\t\t<div class=\"service-box-style-3-icon\">\r\n\t\t\t\t\t\t<a href=\"https:\/\/www.renatodecastro.com\/es\/servicios\/\" target=\"_blank\"><h5 class=\"service-box-text\">01<\/h5><\/a>\r\n\t\t\t\t\t<\/div>\r\n\t\t\t\t\t<div class=\"service-box-style-3-text\">\r\n\t\t\t\t\t\t<h6 class=\"heading\"><a href=\"https:\/\/www.renatodecastro.com\/es\/servicios\/\" target=\"_blank\">Innovando<\/a><\/h6>\r\n\t\t\t\t\t\t<p>Desarrollando el concepto de \u00abCity SmartUp\u00bb durante m\u00e1s de cinco a\u00f1os.<\/p>\n\r\n\t\t\t\t\t<\/div>\r\n\t\t\t\t<\/div>[\/vc_column_inner][vc_column_inner width=\u00bb1\/2&#8243; css=\u00bb.vc_custom_1562263732996{padding-bottom: 50px !important;}\u00bb offset=\u00bbvc_col-md-5&#8243;]<div class=\" service-box service-box-style-3 text-left \">\r\n\t\t\t\t\t<div class=\"service-box-style-3-icon\">\r\n\t\t\t\t\t\t<a href=\"https:\/\/www.renatodecastro.com\/es\/servicios\/\" target=\"_self\"><h5 class=\"service-box-text\">02<\/h5><\/a>\r\n\t\t\t\t\t<\/div>\r\n\t\t\t\t\t<div class=\"service-box-style-3-text\">\r\n\t\t\t\t\t\t<h6 class=\"heading\"><a href=\"https:\/\/www.renatodecastro.com\/es\/servicios\/\" target=\"_blank\">Asesorando<\/a><\/h6>\r\n\t\t\t\t\t\t<p>Apoyando a empresas y gobiernos en el desarrollo de Soluciones para Ciudades Inteligentes.<\/p>\n\r\n\t\t\t\t\t<\/div>\r\n\t\t\t\t<\/div>[\/vc_column_inner][vc_column_inner width=\u00bb1\/2&#8243; offset=\u00bbvc_col-md-offset-1 vc_col-md-5&#8243; css=\u00bb.vc_custom_1562263741784{padding-bottom: 50px !important;}\u00bb]<div class=\" service-box service-box-style-3 text-left \">\r\n\t\t\t\t\t<div class=\"service-box-style-3-icon\">\r\n\t\t\t\t\t\t<a href=\"https:\/\/www.renatodecastro.com\/es\/conferencias\/\" target=\"_blank\"><h5 class=\"service-box-text\">03<\/h5><\/a>\r\n\t\t\t\t\t<\/div>\r\n\t\t\t\t\t<div class=\"service-box-style-3-text\">\r\n\t\t\t\t\t\t<h6 class=\"heading\"><a href=\"https:\/\/www.renatodecastro.com\/es\/conferencias\/\" target=\"_blank\">Ense\u00f1ando<\/a><\/h6>\r\n\t\t\t\t\t\t<p>Dando clases como profesor invitado en universidades en todo el mundo durante m\u00e1s de 20 a\u00f1os.<\/p>\n\r\n\t\t\t\t\t<\/div>\r\n\t\t\t\t<\/div>[\/vc_column_inner][vc_column_inner width=\u00bb1\/2&#8243; offset=\u00bbvc_col-md-5&#8243; css=\u00bb.vc_custom_1562263750351{padding-bottom: 50px !important;}\u00bb]<div class=\" service-box service-box-style-3 text-left \">\r\n\t\t\t\t\t<div class=\"service-box-style-3-icon\">\r\n\t\t\t\t\t\t<a href=\"https:\/\/www.renatodecastro.com\/es\/conferencias\/\" target=\"_blank\"><h5 class=\"service-box-text\">04<\/h5><\/a>\r\n\t\t\t\t\t<\/div>\r\n\t\t\t\t\t<div class=\"service-box-style-3-text\">\r\n\t\t\t\t\t\t<h6 class=\"heading\"><a href=\"https:\/\/www.renatodecastro.com\/es\/conferencias\/\" target=\"_blank\">Conferenciando<\/a><\/h6>\r\n\t\t\t\t\t\t<p>Disertador de renombre mundial sobre Ciudades Inteligentes, IoT e IA en +60 eventos, incluyendo 3 TEDx Talks.<\/p>\n\r\n\t\t\t\t\t<\/div>\r\n\t\t\t\t<\/div>[\/vc_column_inner][vc_column_inner width=\u00bb1\/2&#8243; offset=\u00bbvc_col-md-offset-1 vc_col-md-5&#8243; css=\u00bb.vc_custom_1452322479944{padding-bottom: 50px !important;}\u00bb]<div class=\" service-box service-box-style-3 text-left \">\r\n\t\t\t\t\t<div class=\"service-box-style-3-icon\">\r\n\t\t\t\t\t\t<a href=\"https:\/\/www.linkedin.com\/in\/renatodecastro\/\" target=\"_blank\"><h5 class=\"service-box-text\">05<\/h5><\/a>\r\n\t\t\t\t\t<\/div>\r\n\t\t\t\t\t<div class=\"service-box-style-3-text\">\r\n\t\t\t\t\t\t<h6 class=\"heading\"><a href=\"https:\/\/www.linkedin.com\/in\/renatodecastro\/\" target=\"_blank\">Influyendo<\/a><\/h6>\r\n\t\t\t\t\t\t<p>M\u00e1s de 20.000 seguidores en LinkedIn. Columnista y v\u00eddeo blogger en el portal UOL Tecnhologies.<\/p>\n\r\n\t\t\t\t\t<\/div>\r\n\t\t\t\t<\/div>[\/vc_column_inner][vc_column_inner width=\u00bb1\/2&#8243; offset=\u00bbvc_col-md-5&#8243; css=\u00bb.vc_custom_1452322490564{padding-bottom: 50px !important;}\u00bb]<div class=\" service-box service-box-style-3 text-left \">\r\n\t\t\t\t\t<div class=\"service-box-style-3-icon\">\r\n\t\t\t\t\t\t<a href=\"https:\/\/www.renatodecastro.com\/es\/misiones-empresariales\/\" target=\"_blank\"><h5 class=\"service-box-text\">06<\/h5><\/a>\r\n\t\t\t\t\t<\/div>\r\n\t\t\t\t\t<div class=\"service-box-style-3-text\">\r\n\t\t\t\t\t\t<h6 class=\"heading\"><a href=\"https:\/\/www.renatodecastro.com\/es\/misiones-empresariales\/\" target=\"_blank\">Explorando<\/a><\/h6>\r\n\t\t\t\t\t\t<p>Desarrollando misionesempresariales y t\u00e9cnicas personalizadas para la inmersi\u00f3n en mercados internacionales para corporaciones y asociaciones comerciales.<\/p>\n\r\n\t\t\t\t\t<\/div>\r\n\t\t\t\t<\/div>[\/vc_column_inner][\/vc_row_inner][\/vc_column][\/vc_row][vc_row fullwidth=\u00bbhas-fullwidth-column-no-padding\u00bb][vc_column][vc_empty_space][\/vc_column][\/vc_row]<\/p>\n","protected":false},"excerpt":{"rendered":"<p>[vc_row el_id=\u00bbintro\u00bb el_class=\u00bbintro\u00bb bg_color=\u00bb#1e1f21&#8243; padding_top=\u00bb140&#8243; padding_bottom=\u00bb140&#8243;][vc_column white=\u00bbwhite\u00bb width=\u00bb5\/6&#8243; animation=\u00bbfadeIn\u00bb animation_delay=\u00bb0.2&#8243; animation_duration=\u00bb0.4&#8243; animation_offset=\u00bb70%\u00bb offset=\u00bbvc_col-md-offset-2 vc_col-md-8 vc_col-sm-offset-1&#8243;][vc_custom_heading text=\u00bbEn mi opini\u00f3n\u00bb font_container=\u00bbtag:p|text_align:center\u00bb use_theme_fonts=\u00bbyes\u00bb][vc_custom_heading text=\u00bb\u00abLas ciudades Inteligentes son lugares donde todo conspira para mejorar tu vida. \u00ab\u00bb font_container=\u00bbtag:h2|font_size:36|text_align:center\u00bb use_theme_fonts=\u00bbyes\u00bb][\/vc_column][\/vc_row][vc_row el_id=\u00bbclients\u00bb el_class=\u00bbclients\u00bb padding_top=\u00bb80&#8243; padding_bottom=\u00bb40&#8243;][vc_column][vc_custom_heading divide_line=\u00bbyes\u00bb divide_line_width=\u00bb70&#8243; divide_line_color=\u00bb#f2b043&#8243; divide_line_align=\u00bbcenter\u00bb text=\u00bbMis Proyectos Globales\u00bb font_container=\u00bbtag:h5|text_align:center\u00bb use_theme_fonts=\u00bbyes\u00bb][\/vc_column][\/vc_row][vc_row fullwidth=\u00bbhas-fullwidth-column-no-padding\u00bb act_as_table=\u00bbact_as_table\u00bb bg_color=\u00bb#f6f7f8&#8243; el_id=\u00bbfeature-1&#8243; el_class=\u00bbfeature-1&#8243;][vc_column css=\u00bb.vc_custom_1561470429008{padding-top: 200px [&hellip;]<\/p>\n","protected":false},"author":1,"featured_media":0,"parent":0,"menu_order":0,"comment_status":"closed","ping_status":"closed","template":"","meta":[],"_links":{"self":[{"href":"https:\/\/www.renatodecastro.com\/es\/wp-json\/wp\/v2\/pages\/7467"}],"collection":[{"href":"https:\/\/www.renatodecastro.com\/es\/wp-json\/wp\/v2\/pages"}],"about":[{"href":"https:\/\/www.renatodecastro.com\/es\/wp-json\/wp\/v2\/types\/page"}],"author":[{"embeddable":true,"href":"https:\/\/www.renatodecastro.com\/es\/wp-json\/wp\/v2\/users\/1"}],"replies":[{"embeddable":true,"href":"https:\/\/www.renatodecastro.com\/es\/wp-json\/wp\/v2\/comments?post=7467"}],"version-history":[{"count":0,"href":"https:\/\/www.renatodecastro.com\/es\/wp-json\/wp\/v2\/pages\/7467\/revisions"}],"wp:attachment":[{"href":"https:\/\/www.renatodecastro.com\/es\/wp-json\/wp\/v2\/media?parent=7467"}],"curies":[{"name":"wp","href":"https:\/\/api.w.org\/{rel}","templated":true}]}}